{"id":1070,"date":"2025-09-17T19:16:35","date_gmt":"2025-09-17T17:16:35","guid":{"rendered":"https:\/\/nathaliedeweztherapeute.fr\/?page_id=1070"},"modified":"2025-09-17T19:54:15","modified_gmt":"2025-09-17T17:54:15","slug":"le-laboratoire-creatif","status":"publish","type":"page","link":"https:\/\/nathaliedeweztherapeute.fr\/index.php\/le-laboratoire-creatif\/","title":{"rendered":"Le laboratoire cr\u00e9atif"},"content":{"rendered":"\n[et_pb_section fb_built=\u00a0\u00bb1&Prime; _builder_version=\u00a0\u00bb4.14.4&Prime; _module_preset=\u00a0\u00bbdefault\u00a0\u00bb custom_padding=\u00a0\u00bb||23px|||\u00a0\u00bb global_colors_info=\u00a0\u00bb{}\u00a0\u00bb theme_builder_area=\u00a0\u00bbpost_content\u00a0\u00bb][et_pb_row _builder_version=\u00a0\u00bb4.14.4&Prime; _module_preset=\u00a0\u00bbdefault\u00a0\u00bb global_colors_info=\u00a0\u00bb{}\u00a0\u00bb theme_builder_area=\u00a0\u00bbpost_content\u00a0\u00bb][et_pb_column type=\u00a0\u00bb4_4&Prime; _builder_version=\u00a0\u00bb4.14.4&Prime; _module_preset=\u00a0\u00bbdefault\u00a0\u00bb global_colors_info=\u00a0\u00bb{}\u00a0\u00bb theme_builder_area=\u00a0\u00bbpost_content\u00a0\u00bb][et_pb_text _builder_version=\u00a0\u00bb4.14.4&Prime; _module_preset=\u00a0\u00bbdefault\u00a0\u00bb header_font_size=\u00a0\u00bb38px\u00a0\u00bb header_3_font=\u00a0\u00bbStalemate||||||||\u00a0\u00bb header_3_font_size=\u00a0\u00bb47px\u00a0\u00bb header_3_line_height=\u00a0\u00bb0.7em\u00a0\u00bb animation_style=\u00a0\u00bbfade\u00a0\u00bb global_colors_info=\u00a0\u00bb{}\u00a0\u00bb theme_builder_area=\u00a0\u00bbpost_content\u00a0\u00bb]<h3 style=\"text-align: center;\"><span><b>Trouve ta boussole int\u00e9rieure, entreprends depuis ton c\u0153ur, rayonne \u00e0 ta fa\u00e7on<\/b><\/span><\/h3>\n<p>&nbsp;<\/p>\n<p><span><b><\/b><\/span><\/p>[\/et_pb_text][\/et_pb_column][\/et_pb_row][\/et_pb_section][et_pb_section fb_built=\u00a0\u00bb1&Prime; _builder_version=\u00a0\u00bb4.14.4&Prime; _module_preset=\u00a0\u00bbdefault\u00a0\u00bb background_image=\u00a0\u00bbhttp:\/\/nathaliedeweztherapeute.fr\/wp-content\/uploads\/2023\/05\/fond-ok-2.png\u00a0\u00bb parallax=\u00a0\u00bbon\u00a0\u00bb global_colors_info=\u00a0\u00bb{}\u00a0\u00bb theme_builder_area=\u00a0\u00bbpost_content\u00a0\u00bb][et_pb_row column_structure=\u00a0\u00bb1_2,1_2&Prime; _builder_version=\u00a0\u00bb4.14.4&Prime; _module_preset=\u00a0\u00bbdefault\u00a0\u00bb animation_style=\u00a0\u00bbfade\u00a0\u00bb global_colors_info=\u00a0\u00bb{}\u00a0\u00bb theme_builder_area=\u00a0\u00bbpost_content\u00a0\u00bb][et_pb_column type=\u00a0\u00bb1_2&Prime; _builder_version=\u00a0\u00bb4.14.4&Prime; _module_preset=\u00a0\u00bbdefault\u00a0\u00bb global_colors_info=\u00a0\u00bb{}\u00a0\u00bb theme_builder_area=\u00a0\u00bbpost_content\u00a0\u00bb][et_pb_image src=\u00a0\u00bbhttp:\/\/nathaliedeweztherapeute.fr\/wp-content\/uploads\/2025\/08\/Prestations2.png\u00a0\u00bb alt=\u00a0\u00bbclarifier son id\u00e9e\u00a0\u00bb title_text=\u00a0\u00bble laboratoire cr\u00e9atif\u00a0\u00bb align=\u00a0\u00bbcenter\u00a0\u00bb force_fullwidth=\u00a0\u00bbon\u00a0\u00bb _builder_version=\u00a0\u00bb4.14.4&Prime; _module_preset=\u00a0\u00bbdefault\u00a0\u00bb background_image=\u00a0\u00bbhttp:\/\/nathaliedeweztherapeute.fr\/wp-content\/uploads\/2023\/05\/LOGO-TEST-1.png\u00a0\u00bb background_size=\u00a0\u00bbinitial\u00a0\u00bb hover_enabled=\u00a0\u00bb0&Prime; global_colors_info=\u00a0\u00bb{}\u00a0\u00bb theme_builder_area=\u00a0\u00bbpost_content\u00a0\u00bb sticky_enabled=\u00a0\u00bb0&Prime;][\/et_pb_image][\/et_pb_column][et_pb_column type=\u00a0\u00bb1_2&Prime; _builder_version=\u00a0\u00bb4.14.4&Prime; _module_preset=\u00a0\u00bbdefault\u00a0\u00bb global_colors_info=\u00a0\u00bb{}\u00a0\u00bb theme_builder_area=\u00a0\u00bbpost_content\u00a0\u00bb][et_pb_text _builder_version=\u00a0\u00bb4.14.4&Prime; _module_preset=\u00a0\u00bbdefault\u00a0\u00bb text_font=\u00a0\u00bb||||||||\u00a0\u00bb text_line_height=\u00a0\u00bb1.8em\u00a0\u00bb custom_padding=\u00a0\u00bb||25px|||\u00a0\u00bb global_colors_info=\u00a0\u00bb{}\u00a0\u00bb theme_builder_area=\u00a0\u00bbpost_content\u00a0\u00bb]<p>Tu veux:<\/p>\n<p>&#8211; Explorer tes id\u00e9es autrement ;<\/p>\n<p>&#8211; Oser sortir des sentiers battus ;<\/p>\n<p>&#8211; Cr\u00e9er un univers qui te correspond pleinement.<\/p>\n<p>&nbsp;<\/p>\n<p>Pendant 4 s\u00e9ances de 2h, je t&rsquo;aide \u00e0 :<\/p>\n<ol>\n<li>Explorer toutes les id\u00e9es, m\u00eame folles.<\/li>\n<li>Cr\u00e9er des <strong>concepts uniques<\/strong>\u00a0<\/li>\n<li>Designer une <strong>exp\u00e9rience entrepreneuriale diff\u00e9renciante<\/strong>.<\/li>\n<\/ol>\n<p>Ces s\u00e9ances vont te permettre de cr\u00e9er un univers qui te ressemble et te correspond pleinement.\u00a0<\/p>\n<p>&nbsp;<\/p>\n<ul><\/ul>[\/et_pb_text][et_pb_social_media_follow icon_color=\u00a0\u00bb#FFFFFF\u00a0\u00bb use_icon_font_size=\u00a0\u00bbon\u00a0\u00bb icon_font_size=\u00a0\u00bb13px\u00a0\u00bb _builder_version=\u00a0\u00bb4.14.4&Prime; _module_preset=\u00a0\u00bbdefault\u00a0\u00bb text_orientation=\u00a0\u00bbcenter\u00a0\u00bb global_colors_info=\u00a0\u00bb{}\u00a0\u00bb theme_builder_area=\u00a0\u00bbpost_content\u00a0\u00bb][et_pb_social_media_follow_network social_network=\u00a0\u00bbyoutube\u00a0\u00bb url=\u00a0\u00bbhttps:\/\/www.youtube.com\/@NathalieDewezDesigneuse\u00a0\u00bb _builder_version=\u00a0\u00bb4.14.4&Prime; _module_preset=\u00a0\u00bbdefault\u00a0\u00bb background_color=\u00a0\u00bb#a82400&Prime; global_colors_info=\u00a0\u00bb{}\u00a0\u00bb theme_builder_area=\u00a0\u00bbpost_content\u00a0\u00bb follow_button=\u00a0\u00bboff\u00a0\u00bb url_new_window=\u00a0\u00bbon\u00a0\u00bb]youtube[\/et_pb_social_media_follow_network][et_pb_social_media_follow_network social_network=\u00a0\u00bbfacebook\u00a0\u00bb url=\u00a0\u00bbhttps:\/\/www.facebook.com\/nathaliedewezdesigneusedidees\u00a0\u00bb _builder_version=\u00a0\u00bb4.14.4&Prime; _module_preset=\u00a0\u00bbdefault\u00a0\u00bb background_color=\u00a0\u00bb#3b5998&Prime; global_colors_info=\u00a0\u00bb{}\u00a0\u00bb theme_builder_area=\u00a0\u00bbpost_content\u00a0\u00bb follow_button=\u00a0\u00bboff\u00a0\u00bb url_new_window=\u00a0\u00bbon\u00a0\u00bb]facebook[\/et_pb_social_media_follow_network][et_pb_social_media_follow_network social_network=\u00a0\u00bbinstagram\u00a0\u00bb url=\u00a0\u00bbhttps:\/\/www.instagram.com\/nathaliedeweztherapeute\/\u00a0\u00bb _builder_version=\u00a0\u00bb4.14.4&Prime; _module_preset=\u00a0\u00bbdefault\u00a0\u00bb background_color=\u00a0\u00bb#ea2c59&Prime; global_colors_info=\u00a0\u00bb{}\u00a0\u00bb theme_builder_area=\u00a0\u00bbpost_content\u00a0\u00bb follow_button=\u00a0\u00bboff\u00a0\u00bb url_new_window=\u00a0\u00bbon\u00a0\u00bb]instagram[\/et_pb_social_media_follow_network][et_pb_social_media_follow_network social_network=\u00a0\u00bblinkedin\u00a0\u00bb url=\u00a0\u00bbhttp:\/\/www.linkedin.com\/in\/nathaliedeweztherapeute\u00a0\u00bb _builder_version=\u00a0\u00bb4.14.4&Prime; _module_preset=\u00a0\u00bbdefault\u00a0\u00bb background_color=\u00a0\u00bb#007bb6&Prime; global_colors_info=\u00a0\u00bb{}\u00a0\u00bb theme_builder_area=\u00a0\u00bbpost_content\u00a0\u00bb follow_button=\u00a0\u00bboff\u00a0\u00bb url_new_window=\u00a0\u00bbon\u00a0\u00bb]linkedin[\/et_pb_social_media_follow_network][\/et_pb_social_media_follow][\/et_pb_column][\/et_pb_row][et_pb_row column_structure=\u00a0\u00bb1_4,1_4,1_4,1_4&Prime; _builder_version=\u00a0\u00bb4.14.4&Prime; _module_preset=\u00a0\u00bbdefault\u00a0\u00bb global_colors_info=\u00a0\u00bb{}\u00a0\u00bb theme_builder_area=\u00a0\u00bbpost_content\u00a0\u00bb][et_pb_column type=\u00a0\u00bb1_4&Prime; _builder_version=\u00a0\u00bb4.14.4&Prime; _module_preset=\u00a0\u00bbdefault\u00a0\u00bb global_colors_info=\u00a0\u00bb{}\u00a0\u00bb theme_builder_area=\u00a0\u00bbpost_content\u00a0\u00bb][et_pb_button button_url=\u00a0\u00bbhttp:\/\/nathaliedeweztherapeute.fr\/index.php\/livre-dor\/\u00a0\u00bb button_text=\u00a0\u00bbT\u00e9moignages\u00a0\u00bb button_alignment=\u00a0\u00bbcenter\u00a0\u00bb _builder_version=\u00a0\u00bb4.14.4&Prime; _module_preset=\u00a0\u00bbdefault\u00a0\u00bb custom_button=\u00a0\u00bbon\u00a0\u00bb button_text_color=\u00a0\u00bb#E09900&Prime; global_colors_info=\u00a0\u00bb{}\u00a0\u00bb theme_builder_area=\u00a0\u00bbpost_content\u00a0\u00bb][\/et_pb_button][\/et_pb_column][et_pb_column type=\u00a0\u00bb1_4&Prime; _builder_version=\u00a0\u00bb4.14.4&Prime; _module_preset=\u00a0\u00bbdefault\u00a0\u00bb global_colors_info=\u00a0\u00bb{}\u00a0\u00bb theme_builder_area=\u00a0\u00bbpost_content\u00a0\u00bb][et_pb_button button_url=\u00a0\u00bbhttp:\/\/nathaliedeweztherapeute.fr\/index.php\/newsletter-2\/\u00a0\u00bb button_text=\u00a0\u00bbNewsletter\u00a0\u00bb button_alignment=\u00a0\u00bbcenter\u00a0\u00bb _builder_version=\u00a0\u00bb4.14.4&Prime; _module_preset=\u00a0\u00bbdefault\u00a0\u00bb custom_button=\u00a0\u00bbon\u00a0\u00bb button_text_color=\u00a0\u00bb#fc00ac\u00a0\u00bb global_colors_info=\u00a0\u00bb{}\u00a0\u00bb theme_builder_area=\u00a0\u00bbpost_content\u00a0\u00bb][\/et_pb_button][\/et_pb_column][et_pb_column type=\u00a0\u00bb1_4&Prime; _builder_version=\u00a0\u00bb4.14.4&Prime; _module_preset=\u00a0\u00bbdefault\u00a0\u00bb global_colors_info=\u00a0\u00bb{}\u00a0\u00bb theme_builder_area=\u00a0\u00bbpost_content\u00a0\u00bb][et_pb_button button_url=\u00a0\u00bbhttp:\/\/nathaliedeweztherapeute.fr\/index.php\/contact\/\u00a0\u00bb button_text=\u00a0\u00bbContactez-moi\u00a0\u00bb button_alignment=\u00a0\u00bbcenter\u00a0\u00bb _builder_version=\u00a0\u00bb4.14.4&Prime; _module_preset=\u00a0\u00bbdefault\u00a0\u00bb custom_button=\u00a0\u00bbon\u00a0\u00bb button_text_color=\u00a0\u00bb#46a7f2&Prime; global_colors_info=\u00a0\u00bb{}\u00a0\u00bb theme_builder_area=\u00a0\u00bbpost_content\u00a0\u00bb][\/et_pb_button][\/et_pb_column][et_pb_column type=\u00a0\u00bb1_4&Prime; _builder_version=\u00a0\u00bb4.14.4&Prime; _module_preset=\u00a0\u00bbdefault\u00a0\u00bb global_colors_info=\u00a0\u00bb{}\u00a0\u00bb theme_builder_area=\u00a0\u00bbpost_content\u00a0\u00bb][et_pb_button button_url=\u00a0\u00bbhttps:\/\/calendly.com\/nathalie-dewez\/labo-creatif\u00a0\u00bb url_new_window=\u00a0\u00bbon\u00a0\u00bb button_text=\u00a0\u00bbPrendre rendez-vous pour une s\u00e9ance le Labo cr\u00e9atif\u00a0\u00bb button_alignment=\u00a0\u00bbcenter\u00a0\u00bb _builder_version=\u00a0\u00bb4.14.4&Prime; _module_preset=\u00a0\u00bbdefault\u00a0\u00bb custom_button=\u00a0\u00bbon\u00a0\u00bb button_text_color=\u00a0\u00bb#E02B20&Prime; hover_enabled=\u00a0\u00bb0&Prime; global_colors_info=\u00a0\u00bb{}\u00a0\u00bb theme_builder_area=\u00a0\u00bbpost_content\u00a0\u00bb sticky_enabled=\u00a0\u00bb0&Prime;][\/et_pb_button][\/et_pb_column][\/et_pb_row][\/et_pb_section]\n","protected":false},"excerpt":{"rendered":"<p>Trouve ta boussole int\u00e9rieure, entreprends depuis ton c\u0153ur, rayonne \u00e0 ta fa\u00e7on &nbsp; Tu veux: &#8211; Explorer tes id\u00e9es autrement ; &#8211; Oser sortir des sentiers battus ; &#8211; Cr\u00e9er un univers qui te correspond pleinement. &nbsp; Pendant 4 s\u00e9ances de 2h, je t&rsquo;aide \u00e0 : Explorer toutes les id\u00e9es, m\u00eame folles. Cr\u00e9er des concepts [&hellip;]<\/p>\n","protected":false},"author":1,"featured_media":0,"parent":0,"menu_order":0,"comment_status":"closed","ping_status":"closed","template":"","meta":{"_et_pb_use_builder":"on","_et_pb_old_content":"","_et_gb_content_width":"","footnotes":""},"class_list":["post-1070","page","type-page","status-publish","hentry"],"yoast_head":"<!-- This site is optimized with the Yoast SEO plugin v27.3 - https:\/\/yoast.com\/product\/yoast-seo-wordpress\/ -->\n<title>Le laboratoire cr\u00e9atif - Nathalie Dewez - Th\u00e9rapeute<\/title>\n<meta name=\"description\" content=\"Le labo cr\u00e9atif va vous permettre de cr\u00e9er un univers sur-mesure vous permettant de mettre en valeur vos id\u00e9es.\" \/>\n<meta name=\"robots\" content=\"index, follow, max-snippet:-1, max-image-preview:large, max-video-preview:-1\" \/>\n<link rel=\"canonical\" href=\"https:\/\/nathaliedeweztherapeute.fr\/index.php\/le-laboratoire-creatif\/\" \/>\n<meta property=\"og:locale\" content=\"fr_FR\" \/>\n<meta property=\"og:type\" content=\"article\" \/>\n<meta property=\"og:title\" content=\"Le laboratoire cr\u00e9atif - Nathalie Dewez - Th\u00e9rapeute\" \/>\n<meta property=\"og:description\" content=\"Le labo cr\u00e9atif va vous permettre de cr\u00e9er un univers sur-mesure vous permettant de mettre en valeur vos id\u00e9es.\" \/>\n<meta property=\"og:url\" content=\"https:\/\/nathaliedeweztherapeute.fr\/index.php\/le-laboratoire-creatif\/\" \/>\n<meta property=\"og:site_name\" content=\"Nathalie Dewez - Th\u00e9rapeute\" \/>\n<meta property=\"article:publisher\" content=\"https:\/\/www.facebook.com\/NathalieDewezTherapeute\" \/>\n<meta property=\"article:modified_time\" content=\"2025-09-17T17:54:15+00:00\" \/>\n<meta name=\"twitter:card\" content=\"summary_large_image\" \/>\n<meta name=\"twitter:label1\" content=\"Dur\u00e9e de lecture estim\u00e9e\" \/>\n\t<meta name=\"twitter:data1\" content=\"2 minutes\" \/>\n<script type=\"application\/ld+json\" class=\"yoast-schema-graph\">{\"@context\":\"https:\\\/\\\/schema.org\",\"@graph\":[{\"@type\":\"WebPage\",\"@id\":\"https:\\\/\\\/nathaliedeweztherapeute.fr\\\/index.php\\\/le-laboratoire-creatif\\\/\",\"url\":\"https:\\\/\\\/nathaliedeweztherapeute.fr\\\/index.php\\\/le-laboratoire-creatif\\\/\",\"name\":\"Le laboratoire cr\u00e9atif - Nathalie Dewez - Th\u00e9rapeute\",\"isPartOf\":{\"@id\":\"https:\\\/\\\/nathaliedeweztherapeute.fr\\\/#website\"},\"datePublished\":\"2025-09-17T17:16:35+00:00\",\"dateModified\":\"2025-09-17T17:54:15+00:00\",\"description\":\"Le labo cr\u00e9atif va vous permettre de cr\u00e9er un univers sur-mesure vous permettant de mettre en valeur vos id\u00e9es.\",\"breadcrumb\":{\"@id\":\"https:\\\/\\\/nathaliedeweztherapeute.fr\\\/index.php\\\/le-laboratoire-creatif\\\/#breadcrumb\"},\"inLanguage\":\"fr-FR\",\"potentialAction\":[{\"@type\":\"ReadAction\",\"target\":[\"https:\\\/\\\/nathaliedeweztherapeute.fr\\\/index.php\\\/le-laboratoire-creatif\\\/\"]}]},{\"@type\":\"BreadcrumbList\",\"@id\":\"https:\\\/\\\/nathaliedeweztherapeute.fr\\\/index.php\\\/le-laboratoire-creatif\\\/#breadcrumb\",\"itemListElement\":[{\"@type\":\"ListItem\",\"position\":1,\"name\":\"Accueil\",\"item\":\"https:\\\/\\\/nathaliedeweztherapeute.fr\\\/\"},{\"@type\":\"ListItem\",\"position\":2,\"name\":\"Le laboratoire cr\u00e9atif\"}]},{\"@type\":\"WebSite\",\"@id\":\"https:\\\/\\\/nathaliedeweztherapeute.fr\\\/#website\",\"url\":\"https:\\\/\\\/nathaliedeweztherapeute.fr\\\/\",\"name\":\"Nathalie Dewez - Th\u00e9rapeute\",\"description\":\"Je choisis de prendre mon bien-\u00eatre en urgence au lieu de prendre mon mal-\u00eatre en patience\",\"publisher\":{\"@id\":\"https:\\\/\\\/nathaliedeweztherapeute.fr\\\/#organization\"},\"potentialAction\":[{\"@type\":\"SearchAction\",\"target\":{\"@type\":\"EntryPoint\",\"urlTemplate\":\"https:\\\/\\\/nathaliedeweztherapeute.fr\\\/?s={search_term_string}\"},\"query-input\":{\"@type\":\"PropertyValueSpecification\",\"valueRequired\":true,\"valueName\":\"search_term_string\"}}],\"inLanguage\":\"fr-FR\"},{\"@type\":\"Organization\",\"@id\":\"https:\\\/\\\/nathaliedeweztherapeute.fr\\\/#organization\",\"name\":\"Nathalie Dewez - Th\u00e9rapeute\",\"url\":\"https:\\\/\\\/nathaliedeweztherapeute.fr\\\/\",\"logo\":{\"@type\":\"ImageObject\",\"inLanguage\":\"fr-FR\",\"@id\":\"https:\\\/\\\/nathaliedeweztherapeute.fr\\\/#\\\/schema\\\/logo\\\/image\\\/\",\"url\":\"http:\\\/\\\/nathaliedeweztherapeute.fr\\\/wp-content\\\/uploads\\\/2023\\\/05\\\/LOGO-TEST-1.png\",\"contentUrl\":\"http:\\\/\\\/nathaliedeweztherapeute.fr\\\/wp-content\\\/uploads\\\/2023\\\/05\\\/LOGO-TEST-1.png\",\"width\":2000,\"height\":2000,\"caption\":\"Nathalie Dewez - Th\u00e9rapeute\"},\"image\":{\"@id\":\"https:\\\/\\\/nathaliedeweztherapeute.fr\\\/#\\\/schema\\\/logo\\\/image\\\/\"},\"sameAs\":[\"https:\\\/\\\/www.facebook.com\\\/NathalieDewezTherapeute\",\"https:\\\/\\\/www.linkedin.com\\\/in\\\/nathaliedeweztherapeute\\\/\"]}]}<\/script>\n<!-- \/ Yoast SEO plugin. -->","yoast_head_json":{"title":"Le laboratoire cr\u00e9atif - Nathalie Dewez - Th\u00e9rapeute","description":"Le labo cr\u00e9atif va vous permettre de cr\u00e9er un univers sur-mesure vous permettant de mettre en valeur vos id\u00e9es.","robots":{"index":"index","follow":"follow","max-snippet":"max-snippet:-1","max-image-preview":"max-image-preview:large","max-video-preview":"max-video-preview:-1"},"canonical":"https:\/\/nathaliedeweztherapeute.fr\/index.php\/le-laboratoire-creatif\/","og_locale":"fr_FR","og_type":"article","og_title":"Le laboratoire cr\u00e9atif - Nathalie Dewez - Th\u00e9rapeute","og_description":"Le labo cr\u00e9atif va vous permettre de cr\u00e9er un univers sur-mesure vous permettant de mettre en valeur vos id\u00e9es.","og_url":"https:\/\/nathaliedeweztherapeute.fr\/index.php\/le-laboratoire-creatif\/","og_site_name":"Nathalie Dewez - Th\u00e9rapeute","article_publisher":"https:\/\/www.facebook.com\/NathalieDewezTherapeute","article_modified_time":"2025-09-17T17:54:15+00:00","twitter_card":"summary_large_image","twitter_misc":{"Dur\u00e9e de lecture estim\u00e9e":"2 minutes"},"schema":{"@context":"https:\/\/schema.org","@graph":[{"@type":"WebPage","@id":"https:\/\/nathaliedeweztherapeute.fr\/index.php\/le-laboratoire-creatif\/","url":"https:\/\/nathaliedeweztherapeute.fr\/index.php\/le-laboratoire-creatif\/","name":"Le laboratoire cr\u00e9atif - Nathalie Dewez - Th\u00e9rapeute","isPartOf":{"@id":"https:\/\/nathaliedeweztherapeute.fr\/#website"},"datePublished":"2025-09-17T17:16:35+00:00","dateModified":"2025-09-17T17:54:15+00:00","description":"Le labo cr\u00e9atif va vous permettre de cr\u00e9er un univers sur-mesure vous permettant de mettre en valeur vos id\u00e9es.","breadcrumb":{"@id":"https:\/\/nathaliedeweztherapeute.fr\/index.php\/le-laboratoire-creatif\/#breadcrumb"},"inLanguage":"fr-FR","potentialAction":[{"@type":"ReadAction","target":["https:\/\/nathaliedeweztherapeute.fr\/index.php\/le-laboratoire-creatif\/"]}]},{"@type":"BreadcrumbList","@id":"https:\/\/nathaliedeweztherapeute.fr\/index.php\/le-laboratoire-creatif\/#breadcrumb","itemListElement":[{"@type":"ListItem","position":1,"name":"Accueil","item":"https:\/\/nathaliedeweztherapeute.fr\/"},{"@type":"ListItem","position":2,"name":"Le laboratoire cr\u00e9atif"}]},{"@type":"WebSite","@id":"https:\/\/nathaliedeweztherapeute.fr\/#website","url":"https:\/\/nathaliedeweztherapeute.fr\/","name":"Nathalie Dewez - Th\u00e9rapeute","description":"Je choisis de prendre mon bien-\u00eatre en urgence au lieu de prendre mon mal-\u00eatre en patience","publisher":{"@id":"https:\/\/nathaliedeweztherapeute.fr\/#organization"},"potentialAction":[{"@type":"SearchAction","target":{"@type":"EntryPoint","urlTemplate":"https:\/\/nathaliedeweztherapeute.fr\/?s={search_term_string}"},"query-input":{"@type":"PropertyValueSpecification","valueRequired":true,"valueName":"search_term_string"}}],"inLanguage":"fr-FR"},{"@type":"Organization","@id":"https:\/\/nathaliedeweztherapeute.fr\/#organization","name":"Nathalie Dewez - Th\u00e9rapeute","url":"https:\/\/nathaliedeweztherapeute.fr\/","logo":{"@type":"ImageObject","inLanguage":"fr-FR","@id":"https:\/\/nathaliedeweztherapeute.fr\/#\/schema\/logo\/image\/","url":"http:\/\/nathaliedeweztherapeute.fr\/wp-content\/uploads\/2023\/05\/LOGO-TEST-1.png","contentUrl":"http:\/\/nathaliedeweztherapeute.fr\/wp-content\/uploads\/2023\/05\/LOGO-TEST-1.png","width":2000,"height":2000,"caption":"Nathalie Dewez - Th\u00e9rapeute"},"image":{"@id":"https:\/\/nathaliedeweztherapeute.fr\/#\/schema\/logo\/image\/"},"sameAs":["https:\/\/www.facebook.com\/NathalieDewezTherapeute","https:\/\/www.linkedin.com\/in\/nathaliedeweztherapeute\/"]}]}},"_links":{"self":[{"href":"https:\/\/nathaliedeweztherapeute.fr\/index.php\/wp-json\/wp\/v2\/pages\/1070","targetHints":{"allow":["GET"]}}],"collection":[{"href":"https:\/\/nathaliedeweztherapeute.fr\/index.php\/wp-json\/wp\/v2\/pages"}],"about":[{"href":"https:\/\/nathaliedeweztherapeute.fr\/index.php\/wp-json\/wp\/v2\/types\/page"}],"author":[{"embeddable":true,"href":"https:\/\/nathaliedeweztherapeute.fr\/index.php\/wp-json\/wp\/v2\/users\/1"}],"replies":[{"embeddable":true,"href":"https:\/\/nathaliedeweztherapeute.fr\/index.php\/wp-json\/wp\/v2\/comments?post=1070"}],"version-history":[{"count":5,"href":"https:\/\/nathaliedeweztherapeute.fr\/index.php\/wp-json\/wp\/v2\/pages\/1070\/revisions"}],"predecessor-version":[{"id":1078,"href":"https:\/\/nathaliedeweztherapeute.fr\/index.php\/wp-json\/wp\/v2\/pages\/1070\/revisions\/1078"}],"wp:attachment":[{"href":"https:\/\/nathaliedeweztherapeute.fr\/index.php\/wp-json\/wp\/v2\/media?parent=1070"}],"curies":[{"name":"wp","href":"https:\/\/api.w.org\/{rel}","templated":true}]}}