{"id":121,"date":"2023-06-06T12:07:26","date_gmt":"2023-06-06T10:07:26","guid":{"rendered":"http:\/\/nathaliedeweztherapeute.fr\/?page_id=121"},"modified":"2023-06-06T12:07:27","modified_gmt":"2023-06-06T10:07:27","slug":"contact","status":"publish","type":"page","link":"https:\/\/nathaliedeweztherapeute.fr\/index.php\/contact\/","title":{"rendered":"Contact"},"content":{"rendered":"<p>[et_pb_section fb_built=\u00a0\u00bb1&Prime; _builder_version=\u00a0\u00bb4.14.4&Prime; _module_preset=\u00a0\u00bbdefault\u00a0\u00bb background_image=\u00a0\u00bbhttp:\/\/nathaliedeweztherapeute.fr\/wp-content\/uploads\/2023\/05\/fond-ok-2.png\u00a0\u00bb parallax=\u00a0\u00bbon\u00a0\u00bb global_colors_info=\u00a0\u00bb{}\u00a0\u00bb theme_builder_area=\u00a0\u00bbpost_content\u00a0\u00bb][et_pb_row column_structure=\u00a0\u00bb2_5,3_5&Prime; _builder_version=\u00a0\u00bb4.14.4&Prime; _module_preset=\u00a0\u00bbdefault\u00a0\u00bb global_colors_info=\u00a0\u00bb{}\u00a0\u00bb theme_builder_area=\u00a0\u00bbpost_content\u00a0\u00bb][et_pb_column type=\u00a0\u00bb2_5&Prime; _builder_version=\u00a0\u00bb4.14.4&Prime; _module_preset=\u00a0\u00bbdefault\u00a0\u00bb global_colors_info=\u00a0\u00bb{}\u00a0\u00bb theme_builder_area=\u00a0\u00bbpost_content\u00a0\u00bb][et_pb_image src=\u00a0\u00bbhttp:\/\/nathaliedeweztherapeute.fr\/wp-content\/uploads\/2023\/05\/121448901_10158783785659281_6870707683892324495_n.jpg\u00a0\u00bb alt=\u00a0\u00bbs\u00e9ance individuelle Nathalie Dewez Th\u00e9rapeute\u00a0\u00bb title_text=\u00a0\u00bb121448901_10158783785659281_6870707683892324495_n\u00a0\u00bb _builder_version=\u00a0\u00bb4.14.4&Prime; _module_preset=\u00a0\u00bbdefault\u00a0\u00bb width=\u00a0\u00bb100%\u00a0\u00bb module_alignment=\u00a0\u00bbcenter\u00a0\u00bb hover_enabled=\u00a0\u00bb0&Prime; global_colors_info=\u00a0\u00bb{}\u00a0\u00bb theme_builder_area=\u00a0\u00bbpost_content\u00a0\u00bb sticky_enabled=\u00a0\u00bb0&Prime;][\/et_pb_image][\/et_pb_column][et_pb_column type=\u00a0\u00bb3_5&Prime; _builder_version=\u00a0\u00bb4.14.4&Prime; _module_preset=\u00a0\u00bbdefault\u00a0\u00bb global_colors_info=\u00a0\u00bb{}\u00a0\u00bb theme_builder_area=\u00a0\u00bbpost_content\u00a0\u00bb][et_pb_text _builder_version=\u00a0\u00bb4.14.4&Prime; _module_preset=\u00a0\u00bbdefault\u00a0\u00bb global_colors_info=\u00a0\u00bb{}\u00a0\u00bb theme_builder_area=\u00a0\u00bbpost_content\u00a0\u00bb]<\/p>\n<p style=\"text-align: center;\">\n<p style=\"text-align: center;\">\n<p style=\"text-align: center;\">\n<p style=\"text-align: center;\">Une question? Besoin d&rsquo;une information?<\/p>\n<p style=\"text-align: center;\">N&rsquo;h\u00e9sitez pas \u00e0 me contacter.<\/p>\n<p style=\"text-align: center;\">\n<p style=\"text-align: center;\"><span style=\"font-size: large;\"><strong>07.68.41.85.08<\/strong><\/span><\/p>\n<p style=\"text-align: center;\"><span style=\"font-size: large;\"><em>nathalie.dewez.therapeute@gmail.com<\/em><\/span><\/p>\n<p>[\/et_pb_text][\/et_pb_column][\/et_pb_row][\/et_pb_section]<\/p>\n","protected":false},"excerpt":{"rendered":"<p>Une question? Besoin d&rsquo;une information? N&rsquo;h\u00e9sitez pas \u00e0 me contacter. 07.68.41.85.08 nathalie.dewez.therapeute@gmail.com<\/p>\n","protected":false},"author":1,"featured_media":0,"parent":0,"menu_order":0,"comment_status":"closed","ping_status":"closed","template":"","meta":{"_et_pb_use_builder":"on","_et_pb_old_content":"","_et_gb_content_width":"","footnotes":""},"class_list":["post-121","page","type-page","status-publish","hentry"],"yoast_head":"<!-- This site is optimized with the Yoast SEO plugin v27.3 - https:\/\/yoast.com\/product\/yoast-seo-wordpress\/ -->\n<title>Contact - Nathalie Dewez - Th\u00e9rapeute<\/title>\n<meta name=\"robots\" content=\"index, follow, max-snippet:-1, max-image-preview:large, max-video-preview:-1\" \/>\n<link rel=\"canonical\" href=\"https:\/\/nathaliedeweztherapeute.fr\/index.php\/contact\/\" \/>\n<meta property=\"og:locale\" content=\"fr_FR\" \/>\n<meta property=\"og:type\" content=\"article\" \/>\n<meta property=\"og:title\" content=\"Contact - Nathalie Dewez - Th\u00e9rapeute\" \/>\n<meta property=\"og:description\" content=\"Une question? Besoin d&#039;une information? N&#039;h\u00e9sitez pas \u00e0 me contacter. 07.68.41.85.08 nathalie.dewez.therapeute@gmail.com\" \/>\n<meta property=\"og:url\" content=\"https:\/\/nathaliedeweztherapeute.fr\/index.php\/contact\/\" \/>\n<meta property=\"og:site_name\" content=\"Nathalie Dewez - Th\u00e9rapeute\" \/>\n<meta property=\"article:publisher\" content=\"https:\/\/www.facebook.com\/NathalieDewezTherapeute\" \/>\n<meta property=\"article:modified_time\" content=\"2023-06-06T10:07:27+00:00\" \/>\n<meta name=\"twitter:card\" content=\"summary_large_image\" \/>\n<meta name=\"twitter:label1\" content=\"Dur\u00e9e de lecture estim\u00e9e\" \/>\n\t<meta name=\"twitter:data1\" content=\"1 minute\" \/>\n<script type=\"application\/ld+json\" class=\"yoast-schema-graph\">{\"@context\":\"https:\\\/\\\/schema.org\",\"@graph\":[{\"@type\":\"WebPage\",\"@id\":\"https:\\\/\\\/nathaliedeweztherapeute.fr\\\/index.php\\\/contact\\\/\",\"url\":\"https:\\\/\\\/nathaliedeweztherapeute.fr\\\/index.php\\\/contact\\\/\",\"name\":\"Contact - Nathalie Dewez - Th\u00e9rapeute\",\"isPartOf\":{\"@id\":\"https:\\\/\\\/nathaliedeweztherapeute.fr\\\/#website\"},\"datePublished\":\"2023-06-06T10:07:26+00:00\",\"dateModified\":\"2023-06-06T10:07:27+00:00\",\"breadcrumb\":{\"@id\":\"https:\\\/\\\/nathaliedeweztherapeute.fr\\\/index.php\\\/contact\\\/#breadcrumb\"},\"inLanguage\":\"fr-FR\",\"potentialAction\":[{\"@type\":\"ReadAction\",\"target\":[\"https:\\\/\\\/nathaliedeweztherapeute.fr\\\/index.php\\\/contact\\\/\"]}]},{\"@type\":\"BreadcrumbList\",\"@id\":\"https:\\\/\\\/nathaliedeweztherapeute.fr\\\/index.php\\\/contact\\\/#breadcrumb\",\"itemListElement\":[{\"@type\":\"ListItem\",\"position\":1,\"name\":\"Accueil\",\"item\":\"https:\\\/\\\/nathaliedeweztherapeute.fr\\\/\"},{\"@type\":\"ListItem\",\"position\":2,\"name\":\"Contact\"}]},{\"@type\":\"WebSite\",\"@id\":\"https:\\\/\\\/nathaliedeweztherapeute.fr\\\/#website\",\"url\":\"https:\\\/\\\/nathaliedeweztherapeute.fr\\\/\",\"name\":\"Nathalie Dewez - Th\u00e9rapeute\",\"description\":\"Je choisis de prendre mon bien-\u00eatre en urgence au lieu de prendre mon mal-\u00eatre en patience\",\"publisher\":{\"@id\":\"https:\\\/\\\/nathaliedeweztherapeute.fr\\\/#organization\"},\"potentialAction\":[{\"@type\":\"SearchAction\",\"target\":{\"@type\":\"EntryPoint\",\"urlTemplate\":\"https:\\\/\\\/nathaliedeweztherapeute.fr\\\/?s={search_term_string}\"},\"query-input\":{\"@type\":\"PropertyValueSpecification\",\"valueRequired\":true,\"valueName\":\"search_term_string\"}}],\"inLanguage\":\"fr-FR\"},{\"@type\":\"Organization\",\"@id\":\"https:\\\/\\\/nathaliedeweztherapeute.fr\\\/#organization\",\"name\":\"Nathalie Dewez - Th\u00e9rapeute\",\"url\":\"https:\\\/\\\/nathaliedeweztherapeute.fr\\\/\",\"logo\":{\"@type\":\"ImageObject\",\"inLanguage\":\"fr-FR\",\"@id\":\"https:\\\/\\\/nathaliedeweztherapeute.fr\\\/#\\\/schema\\\/logo\\\/image\\\/\",\"url\":\"http:\\\/\\\/nathaliedeweztherapeute.fr\\\/wp-content\\\/uploads\\\/2023\\\/05\\\/LOGO-TEST-1.png\",\"contentUrl\":\"http:\\\/\\\/nathaliedeweztherapeute.fr\\\/wp-content\\\/uploads\\\/2023\\\/05\\\/LOGO-TEST-1.png\",\"width\":2000,\"height\":2000,\"caption\":\"Nathalie Dewez - Th\u00e9rapeute\"},\"image\":{\"@id\":\"https:\\\/\\\/nathaliedeweztherapeute.fr\\\/#\\\/schema\\\/logo\\\/image\\\/\"},\"sameAs\":[\"https:\\\/\\\/www.facebook.com\\\/NathalieDewezTherapeute\",\"https:\\\/\\\/www.linkedin.com\\\/in\\\/nathaliedeweztherapeute\\\/\"]}]}<\/script>\n<!-- \/ Yoast SEO plugin. -->","yoast_head_json":{"title":"Contact - Nathalie Dewez - Th\u00e9rapeute","robots":{"index":"index","follow":"follow","max-snippet":"max-snippet:-1","max-image-preview":"max-image-preview:large","max-video-preview":"max-video-preview:-1"},"canonical":"https:\/\/nathaliedeweztherapeute.fr\/index.php\/contact\/","og_locale":"fr_FR","og_type":"article","og_title":"Contact - Nathalie Dewez - Th\u00e9rapeute","og_description":"Une question? Besoin d'une information? N'h\u00e9sitez pas \u00e0 me contacter. 07.68.41.85.08 nathalie.dewez.therapeute@gmail.com","og_url":"https:\/\/nathaliedeweztherapeute.fr\/index.php\/contact\/","og_site_name":"Nathalie Dewez - Th\u00e9rapeute","article_publisher":"https:\/\/www.facebook.com\/NathalieDewezTherapeute","article_modified_time":"2023-06-06T10:07:27+00:00","twitter_card":"summary_large_image","twitter_misc":{"Dur\u00e9e de lecture estim\u00e9e":"1 minute"},"schema":{"@context":"https:\/\/schema.org","@graph":[{"@type":"WebPage","@id":"https:\/\/nathaliedeweztherapeute.fr\/index.php\/contact\/","url":"https:\/\/nathaliedeweztherapeute.fr\/index.php\/contact\/","name":"Contact - Nathalie Dewez - Th\u00e9rapeute","isPartOf":{"@id":"https:\/\/nathaliedeweztherapeute.fr\/#website"},"datePublished":"2023-06-06T10:07:26+00:00","dateModified":"2023-06-06T10:07:27+00:00","breadcrumb":{"@id":"https:\/\/nathaliedeweztherapeute.fr\/index.php\/contact\/#breadcrumb"},"inLanguage":"fr-FR","potentialAction":[{"@type":"ReadAction","target":["https:\/\/nathaliedeweztherapeute.fr\/index.php\/contact\/"]}]},{"@type":"BreadcrumbList","@id":"https:\/\/nathaliedeweztherapeute.fr\/index.php\/contact\/#breadcrumb","itemListElement":[{"@type":"ListItem","position":1,"name":"Accueil","item":"https:\/\/nathaliedeweztherapeute.fr\/"},{"@type":"ListItem","position":2,"name":"Contact"}]},{"@type":"WebSite","@id":"https:\/\/nathaliedeweztherapeute.fr\/#website","url":"https:\/\/nathaliedeweztherapeute.fr\/","name":"Nathalie Dewez - Th\u00e9rapeute","description":"Je choisis de prendre mon bien-\u00eatre en urgence au lieu de prendre mon mal-\u00eatre en patience","publisher":{"@id":"https:\/\/nathaliedeweztherapeute.fr\/#organization"},"potentialAction":[{"@type":"SearchAction","target":{"@type":"EntryPoint","urlTemplate":"https:\/\/nathaliedeweztherapeute.fr\/?s={search_term_string}"},"query-input":{"@type":"PropertyValueSpecification","valueRequired":true,"valueName":"search_term_string"}}],"inLanguage":"fr-FR"},{"@type":"Organization","@id":"https:\/\/nathaliedeweztherapeute.fr\/#organization","name":"Nathalie Dewez - Th\u00e9rapeute","url":"https:\/\/nathaliedeweztherapeute.fr\/","logo":{"@type":"ImageObject","inLanguage":"fr-FR","@id":"https:\/\/nathaliedeweztherapeute.fr\/#\/schema\/logo\/image\/","url":"http:\/\/nathaliedeweztherapeute.fr\/wp-content\/uploads\/2023\/05\/LOGO-TEST-1.png","contentUrl":"http:\/\/nathaliedeweztherapeute.fr\/wp-content\/uploads\/2023\/05\/LOGO-TEST-1.png","width":2000,"height":2000,"caption":"Nathalie Dewez - Th\u00e9rapeute"},"image":{"@id":"https:\/\/nathaliedeweztherapeute.fr\/#\/schema\/logo\/image\/"},"sameAs":["https:\/\/www.facebook.com\/NathalieDewezTherapeute","https:\/\/www.linkedin.com\/in\/nathaliedeweztherapeute\/"]}]}},"_links":{"self":[{"href":"https:\/\/nathaliedeweztherapeute.fr\/index.php\/wp-json\/wp\/v2\/pages\/121","targetHints":{"allow":["GET"]}}],"collection":[{"href":"https:\/\/nathaliedeweztherapeute.fr\/index.php\/wp-json\/wp\/v2\/pages"}],"about":[{"href":"https:\/\/nathaliedeweztherapeute.fr\/index.php\/wp-json\/wp\/v2\/types\/page"}],"author":[{"embeddable":true,"href":"https:\/\/nathaliedeweztherapeute.fr\/index.php\/wp-json\/wp\/v2\/users\/1"}],"replies":[{"embeddable":true,"href":"https:\/\/nathaliedeweztherapeute.fr\/index.php\/wp-json\/wp\/v2\/comments?post=121"}],"version-history":[{"count":2,"href":"https:\/\/nathaliedeweztherapeute.fr\/index.php\/wp-json\/wp\/v2\/pages\/121\/revisions"}],"predecessor-version":[{"id":124,"href":"https:\/\/nathaliedeweztherapeute.fr\/index.php\/wp-json\/wp\/v2\/pages\/121\/revisions\/124"}],"wp:attachment":[{"href":"https:\/\/nathaliedeweztherapeute.fr\/index.php\/wp-json\/wp\/v2\/media?parent=121"}],"curies":[{"name":"wp","href":"https:\/\/api.w.org\/{rel}","templated":true}]}}