{"id":148,"date":"2023-06-06T15:46:05","date_gmt":"2023-06-06T13:46:05","guid":{"rendered":"http:\/\/nathaliedeweztherapeute.fr\/?page_id=148"},"modified":"2023-06-06T15:46:05","modified_gmt":"2023-06-06T13:46:05","slug":"association-sasma","status":"publish","type":"page","link":"https:\/\/nathaliedeweztherapeute.fr\/index.php\/association-sasma\/","title":{"rendered":"Association SASMA"},"content":{"rendered":"<p>[et_pb_section fb_built=\u00a0\u00bb1&Prime; _builder_version=\u00a0\u00bb4.14.4&Prime; _module_preset=\u00a0\u00bbdefault\u00a0\u00bb background_image=\u00a0\u00bbhttp:\/\/nathaliedeweztherapeute.fr\/wp-content\/uploads\/2023\/05\/fond-ok-2.png\u00a0\u00bb parallax=\u00a0\u00bbon\u00a0\u00bb global_colors_info=\u00a0\u00bb{}\u00a0\u00bb theme_builder_area=\u00a0\u00bbpost_content\u00a0\u00bb][et_pb_row column_structure=\u00a0\u00bb1_2,1_2&Prime; _builder_version=\u00a0\u00bb4.14.4&Prime; _module_preset=\u00a0\u00bbdefault\u00a0\u00bb global_colors_info=\u00a0\u00bb{}\u00a0\u00bb theme_builder_area=\u00a0\u00bbpost_content\u00a0\u00bb][et_pb_column type=\u00a0\u00bb1_2&Prime; _builder_version=\u00a0\u00bb4.14.4&Prime; _module_preset=\u00a0\u00bbdefault\u00a0\u00bb global_colors_info=\u00a0\u00bb{}\u00a0\u00bb theme_builder_area=\u00a0\u00bbpost_content\u00a0\u00bb][et_pb_image src=\u00a0\u00bbhttp:\/\/nathaliedeweztherapeute.fr\/wp-content\/uploads\/2023\/06\/Facebook-assoc-1640-\u00d7-924-px2.png\u00a0\u00bb title_text=\u00a0\u00bbSASMA\u00a0\u00bb _builder_version=\u00a0\u00bb4.14.4&Prime; _module_preset=\u00a0\u00bbdefault\u00a0\u00bb hover_enabled=\u00a0\u00bb0&Prime; global_colors_info=\u00a0\u00bb{}\u00a0\u00bb theme_builder_area=\u00a0\u00bbpost_content\u00a0\u00bb sticky_enabled=\u00a0\u00bb0&Prime;][\/et_pb_image][\/et_pb_column][et_pb_column type=\u00a0\u00bb1_2&Prime; _builder_version=\u00a0\u00bb4.14.4&Prime; _module_preset=\u00a0\u00bbdefault\u00a0\u00bb global_colors_info=\u00a0\u00bb{}\u00a0\u00bb theme_builder_area=\u00a0\u00bbpost_content\u00a0\u00bb][et_pb_text _builder_version=\u00a0\u00bb4.14.4&Prime; _module_preset=\u00a0\u00bbdefault\u00a0\u00bb hover_enabled=\u00a0\u00bb0&Prime; global_colors_info=\u00a0\u00bb{}\u00a0\u00bb theme_builder_area=\u00a0\u00bbpost_content\u00a0\u00bb sticky_enabled=\u00a0\u00bb0&Prime;]<\/p>\n<p style=\"text-align: justify;\"><strong>L\u2019association S&rsquo;accueillir Soi M&rsquo;Aime<\/strong> (SASMA) a pour intention d\u2019informer, de partager et de contribuer dans le domaine du bien-\u00eatre naturel, en \u0153uvrant sur diff\u00e9rents plans tous reli\u00e9s entre eux: coaching, th\u00e9rapeutique, \u00e9nerg\u00e9tique, spirituel&#8230;<\/p>\n<p style=\"text-align: justify;\">\n<div dir=\"auto\" style=\"text-align: justify;\"><\/div>\n<div dir=\"auto\" style=\"text-align: justify;\">L&rsquo;adh\u00e9sion est gratuite afin que le plus grand monde puisse en b\u00e9n\u00e9ficier et chacun peut faire un don pour aider notre fonctionnement.<\/div>\n<div dir=\"auto\" style=\"text-align: justify;\"><\/div>\n<div dir=\"auto\" style=\"text-align: justify;\"><\/div>\n<div dir=\"auto\" style=\"text-align: justify;\"><\/div>\n<div dir=\"auto\" style=\"text-align: justify;\"><\/div>\n<div dir=\"auto\" style=\"text-align: justify;\"><\/div>\n<div dir=\"auto\" style=\"text-align: justify;\"><\/div>\n<div dir=\"auto\" style=\"text-align: justify;\"><\/div>\n<div dir=\"auto\" style=\"text-align: justify;\"><\/div>\n<div dir=\"auto\" style=\"text-align: justify;\">Concr\u00e8tement l&rsquo;association permet au plus grand nombre de s&rsquo;ouvrir au bien-\u00eatre en rencontrant des professionnels dans le domaine.\u00a0<\/div>\n<div dir=\"auto\" style=\"text-align: justify;\"><\/div>\n<div dir=\"auto\" style=\"text-align: justify;\">Cela se fera au travers de diverses ressources disponibles, des ateliers organis\u00e9s ou encore des cercles de paroles en ligne et en pr\u00e9sentiel.<\/div>\n<p>[\/et_pb_text][\/et_pb_column][\/et_pb_row][et_pb_row _builder_version=\u00a0\u00bb4.14.4&Prime; _module_preset=\u00a0\u00bbdefault\u00a0\u00bb theme_builder_area=\u00a0\u00bbpost_content\u00a0\u00bb][et_pb_column _builder_version=\u00a0\u00bb4.14.4&Prime; _module_preset=\u00a0\u00bbdefault\u00a0\u00bb type=\u00a0\u00bb4_4&Prime; theme_builder_area=\u00a0\u00bbpost_content\u00a0\u00bb][et_pb_code _builder_version=\u00a0\u00bb4.14.4&Prime; _module_preset=\u00a0\u00bbdefault\u00a0\u00bb theme_builder_area=\u00a0\u00bbpost_content\u00a0\u00bb hover_enabled=\u00a0\u00bb0&Prime; sticky_enabled=\u00a0\u00bb0&Prime;]<iframe id=\"haWidget\" allowtransparency=\"true\" scrolling=\"auto\" src=\"https:\/\/www.helloasso.com\/associations\/s-accueillir-soi-m-aime\/adhesions\/adhesion-sasma\/widget\" style=\"width: 100%; height: 750px; border: none;\"><\/iframe>[\/et_pb_code][\/et_pb_column][\/et_pb_row][\/et_pb_section]<\/p>\n","protected":false},"excerpt":{"rendered":"<p>L\u2019association S&rsquo;accueillir Soi M&rsquo;Aime (SASMA) a pour intention d\u2019informer, de partager et de contribuer dans le domaine du bien-\u00eatre naturel, en \u0153uvrant sur diff\u00e9rents plans tous reli\u00e9s entre eux: coaching, th\u00e9rapeutique, \u00e9nerg\u00e9tique, spirituel&#8230; L&rsquo;adh\u00e9sion est gratuite afin que le plus grand monde puisse en b\u00e9n\u00e9ficier et chacun peut faire un don pour aider notre fonctionnement. [&hellip;]<\/p>\n","protected":false},"author":1,"featured_media":150,"parent":0,"menu_order":0,"comment_status":"closed","ping_status":"closed","template":"","meta":{"_et_pb_use_builder":"on","_et_pb_old_content":"","_et_gb_content_width":"","footnotes":""},"class_list":["post-148","page","type-page","status-publish","has-post-thumbnail","hentry"],"yoast_head":"<!-- This site is optimized with the Yoast SEO plugin v27.3 - https:\/\/yoast.com\/product\/yoast-seo-wordpress\/ -->\n<title>Association SASMA - Nathalie Dewez - Th\u00e9rapeute<\/title>\n<meta name=\"robots\" content=\"index, follow, max-snippet:-1, max-image-preview:large, max-video-preview:-1\" \/>\n<link rel=\"canonical\" href=\"https:\/\/nathaliedeweztherapeute.fr\/index.php\/association-sasma\/\" \/>\n<meta property=\"og:locale\" content=\"fr_FR\" \/>\n<meta property=\"og:type\" content=\"article\" \/>\n<meta property=\"og:title\" content=\"Association SASMA - Nathalie Dewez - Th\u00e9rapeute\" \/>\n<meta property=\"og:description\" content=\"L\u2019association S&#039;accueillir Soi M&#039;Aime (SASMA) a pour intention d\u2019informer, de partager et de contribuer dans le domaine du bien-\u00eatre naturel, en \u0153uvrant sur diff\u00e9rents plans tous reli\u00e9s entre eux: coaching, th\u00e9rapeutique, \u00e9nerg\u00e9tique, spirituel... L&#039;adh\u00e9sion est gratuite afin que le plus grand monde puisse en b\u00e9n\u00e9ficier et chacun peut faire un don pour aider notre fonctionnement. [&hellip;]\" \/>\n<meta property=\"og:url\" content=\"https:\/\/nathaliedeweztherapeute.fr\/index.php\/association-sasma\/\" \/>\n<meta property=\"og:site_name\" content=\"Nathalie Dewez - Th\u00e9rapeute\" \/>\n<meta property=\"article:publisher\" content=\"https:\/\/www.facebook.com\/NathalieDewezTherapeute\" \/>\n<meta property=\"og:image\" content=\"https:\/\/nathaliedeweztherapeute.fr\/wp-content\/uploads\/2023\/06\/Design-sans-titre.png\" \/>\n\t<meta property=\"og:image:width\" content=\"500\" \/>\n\t<meta property=\"og:image:height\" content=\"500\" \/>\n\t<meta property=\"og:image:type\" content=\"image\/png\" \/>\n<meta name=\"twitter:card\" content=\"summary_large_image\" \/>\n<meta name=\"twitter:label1\" content=\"Dur\u00e9e de lecture estim\u00e9e\" \/>\n\t<meta name=\"twitter:data1\" content=\"2 minutes\" \/>\n<script type=\"application\/ld+json\" class=\"yoast-schema-graph\">{\"@context\":\"https:\\\/\\\/schema.org\",\"@graph\":[{\"@type\":\"WebPage\",\"@id\":\"https:\\\/\\\/nathaliedeweztherapeute.fr\\\/index.php\\\/association-sasma\\\/\",\"url\":\"https:\\\/\\\/nathaliedeweztherapeute.fr\\\/index.php\\\/association-sasma\\\/\",\"name\":\"Association SASMA - Nathalie Dewez - Th\u00e9rapeute\",\"isPartOf\":{\"@id\":\"https:\\\/\\\/nathaliedeweztherapeute.fr\\\/#website\"},\"primaryImageOfPage\":{\"@id\":\"https:\\\/\\\/nathaliedeweztherapeute.fr\\\/index.php\\\/association-sasma\\\/#primaryimage\"},\"image\":{\"@id\":\"https:\\\/\\\/nathaliedeweztherapeute.fr\\\/index.php\\\/association-sasma\\\/#primaryimage\"},\"thumbnailUrl\":\"https:\\\/\\\/nathaliedeweztherapeute.fr\\\/wp-content\\\/uploads\\\/2023\\\/06\\\/Design-sans-titre.png\",\"datePublished\":\"2023-06-06T13:46:05+00:00\",\"breadcrumb\":{\"@id\":\"https:\\\/\\\/nathaliedeweztherapeute.fr\\\/index.php\\\/association-sasma\\\/#breadcrumb\"},\"inLanguage\":\"fr-FR\",\"potentialAction\":[{\"@type\":\"ReadAction\",\"target\":[\"https:\\\/\\\/nathaliedeweztherapeute.fr\\\/index.php\\\/association-sasma\\\/\"]}]},{\"@type\":\"ImageObject\",\"inLanguage\":\"fr-FR\",\"@id\":\"https:\\\/\\\/nathaliedeweztherapeute.fr\\\/index.php\\\/association-sasma\\\/#primaryimage\",\"url\":\"https:\\\/\\\/nathaliedeweztherapeute.fr\\\/wp-content\\\/uploads\\\/2023\\\/06\\\/Design-sans-titre.png\",\"contentUrl\":\"https:\\\/\\\/nathaliedeweztherapeute.fr\\\/wp-content\\\/uploads\\\/2023\\\/06\\\/Design-sans-titre.png\",\"width\":500,\"height\":500},{\"@type\":\"BreadcrumbList\",\"@id\":\"https:\\\/\\\/nathaliedeweztherapeute.fr\\\/index.php\\\/association-sasma\\\/#breadcrumb\",\"itemListElement\":[{\"@type\":\"ListItem\",\"position\":1,\"name\":\"Accueil\",\"item\":\"https:\\\/\\\/nathaliedeweztherapeute.fr\\\/\"},{\"@type\":\"ListItem\",\"position\":2,\"name\":\"Association SASMA\"}]},{\"@type\":\"WebSite\",\"@id\":\"https:\\\/\\\/nathaliedeweztherapeute.fr\\\/#website\",\"url\":\"https:\\\/\\\/nathaliedeweztherapeute.fr\\\/\",\"name\":\"Nathalie Dewez - Th\u00e9rapeute\",\"description\":\"Je choisis de prendre mon bien-\u00eatre en urgence au lieu de prendre mon mal-\u00eatre en patience\",\"publisher\":{\"@id\":\"https:\\\/\\\/nathaliedeweztherapeute.fr\\\/#organization\"},\"potentialAction\":[{\"@type\":\"SearchAction\",\"target\":{\"@type\":\"EntryPoint\",\"urlTemplate\":\"https:\\\/\\\/nathaliedeweztherapeute.fr\\\/?s={search_term_string}\"},\"query-input\":{\"@type\":\"PropertyValueSpecification\",\"valueRequired\":true,\"valueName\":\"search_term_string\"}}],\"inLanguage\":\"fr-FR\"},{\"@type\":\"Organization\",\"@id\":\"https:\\\/\\\/nathaliedeweztherapeute.fr\\\/#organization\",\"name\":\"Nathalie Dewez - Th\u00e9rapeute\",\"url\":\"https:\\\/\\\/nathaliedeweztherapeute.fr\\\/\",\"logo\":{\"@type\":\"ImageObject\",\"inLanguage\":\"fr-FR\",\"@id\":\"https:\\\/\\\/nathaliedeweztherapeute.fr\\\/#\\\/schema\\\/logo\\\/image\\\/\",\"url\":\"http:\\\/\\\/nathaliedeweztherapeute.fr\\\/wp-content\\\/uploads\\\/2023\\\/05\\\/LOGO-TEST-1.png\",\"contentUrl\":\"http:\\\/\\\/nathaliedeweztherapeute.fr\\\/wp-content\\\/uploads\\\/2023\\\/05\\\/LOGO-TEST-1.png\",\"width\":2000,\"height\":2000,\"caption\":\"Nathalie Dewez - Th\u00e9rapeute\"},\"image\":{\"@id\":\"https:\\\/\\\/nathaliedeweztherapeute.fr\\\/#\\\/schema\\\/logo\\\/image\\\/\"},\"sameAs\":[\"https:\\\/\\\/www.facebook.com\\\/NathalieDewezTherapeute\",\"https:\\\/\\\/www.linkedin.com\\\/in\\\/nathaliedeweztherapeute\\\/\"]}]}<\/script>\n<!-- \/ Yoast SEO plugin. -->","yoast_head_json":{"title":"Association SASMA - Nathalie Dewez - Th\u00e9rapeute","robots":{"index":"index","follow":"follow","max-snippet":"max-snippet:-1","max-image-preview":"max-image-preview:large","max-video-preview":"max-video-preview:-1"},"canonical":"https:\/\/nathaliedeweztherapeute.fr\/index.php\/association-sasma\/","og_locale":"fr_FR","og_type":"article","og_title":"Association SASMA - Nathalie Dewez - Th\u00e9rapeute","og_description":"L\u2019association S'accueillir Soi M'Aime (SASMA) a pour intention d\u2019informer, de partager et de contribuer dans le domaine du bien-\u00eatre naturel, en \u0153uvrant sur diff\u00e9rents plans tous reli\u00e9s entre eux: coaching, th\u00e9rapeutique, \u00e9nerg\u00e9tique, spirituel... L'adh\u00e9sion est gratuite afin que le plus grand monde puisse en b\u00e9n\u00e9ficier et chacun peut faire un don pour aider notre fonctionnement. [&hellip;]","og_url":"https:\/\/nathaliedeweztherapeute.fr\/index.php\/association-sasma\/","og_site_name":"Nathalie Dewez - Th\u00e9rapeute","article_publisher":"https:\/\/www.facebook.com\/NathalieDewezTherapeute","og_image":[{"width":500,"height":500,"url":"https:\/\/nathaliedeweztherapeute.fr\/wp-content\/uploads\/2023\/06\/Design-sans-titre.png","type":"image\/png"}],"twitter_card":"summary_large_image","twitter_misc":{"Dur\u00e9e de lecture estim\u00e9e":"2 minutes"},"schema":{"@context":"https:\/\/schema.org","@graph":[{"@type":"WebPage","@id":"https:\/\/nathaliedeweztherapeute.fr\/index.php\/association-sasma\/","url":"https:\/\/nathaliedeweztherapeute.fr\/index.php\/association-sasma\/","name":"Association SASMA - Nathalie Dewez - Th\u00e9rapeute","isPartOf":{"@id":"https:\/\/nathaliedeweztherapeute.fr\/#website"},"primaryImageOfPage":{"@id":"https:\/\/nathaliedeweztherapeute.fr\/index.php\/association-sasma\/#primaryimage"},"image":{"@id":"https:\/\/nathaliedeweztherapeute.fr\/index.php\/association-sasma\/#primaryimage"},"thumbnailUrl":"https:\/\/nathaliedeweztherapeute.fr\/wp-content\/uploads\/2023\/06\/Design-sans-titre.png","datePublished":"2023-06-06T13:46:05+00:00","breadcrumb":{"@id":"https:\/\/nathaliedeweztherapeute.fr\/index.php\/association-sasma\/#breadcrumb"},"inLanguage":"fr-FR","potentialAction":[{"@type":"ReadAction","target":["https:\/\/nathaliedeweztherapeute.fr\/index.php\/association-sasma\/"]}]},{"@type":"ImageObject","inLanguage":"fr-FR","@id":"https:\/\/nathaliedeweztherapeute.fr\/index.php\/association-sasma\/#primaryimage","url":"https:\/\/nathaliedeweztherapeute.fr\/wp-content\/uploads\/2023\/06\/Design-sans-titre.png","contentUrl":"https:\/\/nathaliedeweztherapeute.fr\/wp-content\/uploads\/2023\/06\/Design-sans-titre.png","width":500,"height":500},{"@type":"BreadcrumbList","@id":"https:\/\/nathaliedeweztherapeute.fr\/index.php\/association-sasma\/#breadcrumb","itemListElement":[{"@type":"ListItem","position":1,"name":"Accueil","item":"https:\/\/nathaliedeweztherapeute.fr\/"},{"@type":"ListItem","position":2,"name":"Association SASMA"}]},{"@type":"WebSite","@id":"https:\/\/nathaliedeweztherapeute.fr\/#website","url":"https:\/\/nathaliedeweztherapeute.fr\/","name":"Nathalie Dewez - Th\u00e9rapeute","description":"Je choisis de prendre mon bien-\u00eatre en urgence au lieu de prendre mon mal-\u00eatre en patience","publisher":{"@id":"https:\/\/nathaliedeweztherapeute.fr\/#organization"},"potentialAction":[{"@type":"SearchAction","target":{"@type":"EntryPoint","urlTemplate":"https:\/\/nathaliedeweztherapeute.fr\/?s={search_term_string}"},"query-input":{"@type":"PropertyValueSpecification","valueRequired":true,"valueName":"search_term_string"}}],"inLanguage":"fr-FR"},{"@type":"Organization","@id":"https:\/\/nathaliedeweztherapeute.fr\/#organization","name":"Nathalie Dewez - Th\u00e9rapeute","url":"https:\/\/nathaliedeweztherapeute.fr\/","logo":{"@type":"ImageObject","inLanguage":"fr-FR","@id":"https:\/\/nathaliedeweztherapeute.fr\/#\/schema\/logo\/image\/","url":"http:\/\/nathaliedeweztherapeute.fr\/wp-content\/uploads\/2023\/05\/LOGO-TEST-1.png","contentUrl":"http:\/\/nathaliedeweztherapeute.fr\/wp-content\/uploads\/2023\/05\/LOGO-TEST-1.png","width":2000,"height":2000,"caption":"Nathalie Dewez - Th\u00e9rapeute"},"image":{"@id":"https:\/\/nathaliedeweztherapeute.fr\/#\/schema\/logo\/image\/"},"sameAs":["https:\/\/www.facebook.com\/NathalieDewezTherapeute","https:\/\/www.linkedin.com\/in\/nathaliedeweztherapeute\/"]}]}},"_links":{"self":[{"href":"https:\/\/nathaliedeweztherapeute.fr\/index.php\/wp-json\/wp\/v2\/pages\/148","targetHints":{"allow":["GET"]}}],"collection":[{"href":"https:\/\/nathaliedeweztherapeute.fr\/index.php\/wp-json\/wp\/v2\/pages"}],"about":[{"href":"https:\/\/nathaliedeweztherapeute.fr\/index.php\/wp-json\/wp\/v2\/types\/page"}],"author":[{"embeddable":true,"href":"https:\/\/nathaliedeweztherapeute.fr\/index.php\/wp-json\/wp\/v2\/users\/1"}],"replies":[{"embeddable":true,"href":"https:\/\/nathaliedeweztherapeute.fr\/index.php\/wp-json\/wp\/v2\/comments?post=148"}],"version-history":[{"count":2,"href":"https:\/\/nathaliedeweztherapeute.fr\/index.php\/wp-json\/wp\/v2\/pages\/148\/revisions"}],"predecessor-version":[{"id":153,"href":"https:\/\/nathaliedeweztherapeute.fr\/index.php\/wp-json\/wp\/v2\/pages\/148\/revisions\/153"}],"wp:featuredmedia":[{"embeddable":true,"href":"https:\/\/nathaliedeweztherapeute.fr\/index.php\/wp-json\/wp\/v2\/media\/150"}],"wp:attachment":[{"href":"https:\/\/nathaliedeweztherapeute.fr\/index.php\/wp-json\/wp\/v2\/media?parent=148"}],"curies":[{"name":"wp","href":"https:\/\/api.w.org\/{rel}","templated":true}]}}