{"id":286,"date":"2023-09-11T16:28:13","date_gmt":"2023-09-11T14:28:13","guid":{"rendered":"http:\/\/nathaliedeweztherapeute.fr\/?page_id=286"},"modified":"2024-06-27T17:19:24","modified_gmt":"2024-06-27T15:19:24","slug":"conferences-ateliers-clarte-revel-action","status":"publish","type":"page","link":"https:\/\/nathaliedeweztherapeute.fr\/index.php\/conferences-ateliers-clarte-revel-action\/","title":{"rendered":"Conf\u00e9rences Ateliers Clart\u00e9 et Revel&rsquo;action"},"content":{"rendered":"<p>[et_pb_section fb_built=\u00a0\u00bb1&Prime; _builder_version=\u00a0\u00bb4.14.4&Prime; _module_preset=\u00a0\u00bbdefault\u00a0\u00bb background_image=\u00a0\u00bbhttp:\/\/nathaliedeweztherapeute.fr\/wp-content\/uploads\/2023\/05\/fond-ok-2.png\u00a0\u00bb parallax=\u00a0\u00bbon\u00a0\u00bb global_colors_info=\u00a0\u00bb{}\u00a0\u00bb][et_pb_row _builder_version=\u00a0\u00bb4.14.4&Prime; _module_preset=\u00a0\u00bbdefault\u00a0\u00bb global_colors_info=\u00a0\u00bb{}\u00a0\u00bb][et_pb_column type=\u00a0\u00bb4_4&Prime; _builder_version=\u00a0\u00bb4.14.4&Prime; _module_preset=\u00a0\u00bbdefault\u00a0\u00bb global_colors_info=\u00a0\u00bb{}\u00a0\u00bb][et_pb_text _builder_version=\u00a0\u00bb4.14.4&Prime; _module_preset=\u00a0\u00bbdefault\u00a0\u00bb global_colors_info=\u00a0\u00bb{}\u00a0\u00bb]<\/p>\n<h2 style=\"text-align: center;\">Comment se rencontrer sans se connaitre?<\/h2>\n<p>&nbsp;<\/p>\n<p style=\"text-align: justify;\">\u00ab\u00a0<strong>Clart\u00e9 et R\u00e9vel&rsquo;action<\/strong>\u00a0\u00bb ont pour but de partager les connaissances &#8211; exercices et pratiques qui peuvent vous aider \u00e0 comprendre votre mode de fonctionnement. La prise de conscience permet de prendre du recul et ainsi <strong>s&rsquo;accueillir<\/strong>.<\/p>\n<p style=\"text-align: justify;\">Cette voie oriente vers la lumi\u00e8re c&rsquo;est \u00e0 dire <strong>la paix int\u00e9rieure<\/strong> gr\u00e2ce \u00e0 <strong>l&rsquo;amour<\/strong> que l&rsquo;on se porte. Tout est \u00e0 l&rsquo;int\u00e9rieur de nous. Ces moments de partages vont vous permettre de <strong>r\u00e9v\u00e9ler votre force int\u00e9rieure<\/strong>.<\/p>\n<p>[\/et_pb_text][\/et_pb_column][\/et_pb_row][et_pb_row column_structure=\u00a0\u00bb2_5,3_5&Prime; _builder_version=\u00a0\u00bb4.14.4&Prime; _module_preset=\u00a0\u00bbdefault\u00a0\u00bb global_colors_info=\u00a0\u00bb{}\u00a0\u00bb][et_pb_column type=\u00a0\u00bb2_5&Prime; _builder_version=\u00a0\u00bb4.14.4&Prime; _module_preset=\u00a0\u00bbdefault\u00a0\u00bb global_colors_info=\u00a0\u00bb{}\u00a0\u00bb][et_pb_image src=\u00a0\u00bbhttp:\/\/nathaliedeweztherapeute.fr\/wp-content\/uploads\/2023\/09\/GESTION-DU-TEMPS.jpg\u00a0\u00bb alt=\u00a0\u00bbs\u00e9ance individuelle Nathalie Dewez Th\u00e9rapeute\u00a0\u00bb title_text=\u00a0\u00bbcomprendre le temps\u00a0\u00bb _builder_version=\u00a0\u00bb4.14.4&Prime; _module_preset=\u00a0\u00bbdefault\u00a0\u00bb width=\u00a0\u00bb78%\u00a0\u00bb module_alignment=\u00a0\u00bbcenter\u00a0\u00bb global_colors_info=\u00a0\u00bb{}\u00a0\u00bb][\/et_pb_image][\/et_pb_column][et_pb_column type=\u00a0\u00bb3_5&Prime; _builder_version=\u00a0\u00bb4.14.4&Prime; _module_preset=\u00a0\u00bbdefault\u00a0\u00bb global_colors_info=\u00a0\u00bb{}\u00a0\u00bb][et_pb_text _builder_version=\u00a0\u00bb4.14.4&Prime; _module_preset=\u00a0\u00bbdefault\u00a0\u00bb global_colors_info=\u00a0\u00bb{}\u00a0\u00bb]<\/p>\n<p>Conseils pratiques en organisation et planification de son temps afin de se cr\u00e9er un cadre correspondant \u00e0 son fonctionnement et \u00e0 ses priorit\u00e9s.<\/p>\n<p>&#8211; Trouver l&rsquo;\u00e9quilibre entre un cadre et le flux de la vie.<\/p>\n<p>&#8211; Rester connecter \u00e0 son intention<\/p>\n<p>&#8211; Gagnez jusqu&rsquo;\u00e0 2 heures par jour&#8230;<\/p>\n<p><strong>Presque 2 heures d&rsquo;informations et de conseils concrets pour 50 euros<\/strong><\/p>\n<p>[\/et_pb_text][\/et_pb_column][\/et_pb_row][et_pb_row _builder_version=\u00a0\u00bb4.14.4&Prime; _module_preset=\u00a0\u00bbdefault\u00a0\u00bb global_colors_info=\u00a0\u00bb{}\u00a0\u00bb][et_pb_column type=\u00a0\u00bb4_4&Prime; _builder_version=\u00a0\u00bb4.14.4&Prime; _module_preset=\u00a0\u00bbdefault\u00a0\u00bb global_colors_info=\u00a0\u00bb{}\u00a0\u00bb][et_pb_button button_url=\u00a0\u00bbhttps:\/\/www.nathaliedewez.fr\/comprendreletemps\u00a0\u00bb url_new_window=\u00a0\u00bbon\u00a0\u00bb button_text=\u00a0\u00bbAchetez\u00a0\u00bb button_alignment=\u00a0\u00bbcenter\u00a0\u00bb _builder_version=\u00a0\u00bb4.14.4&Prime; _module_preset=\u00a0\u00bbdefault\u00a0\u00bb custom_button=\u00a0\u00bbon\u00a0\u00bb button_text_color=\u00a0\u00bb#f99a13&Prime; hover_enabled=\u00a0\u00bb0&Prime; global_colors_info=\u00a0\u00bb{}\u00a0\u00bb sticky_enabled=\u00a0\u00bb0&Prime;][\/et_pb_button][\/et_pb_column][\/et_pb_row][et_pb_row column_structure=\u00a0\u00bb3_5,2_5&Prime; _builder_version=\u00a0\u00bb4.14.4&Prime; _module_preset=\u00a0\u00bbdefault\u00a0\u00bb global_colors_info=\u00a0\u00bb{}\u00a0\u00bb][et_pb_column type=\u00a0\u00bb3_5&Prime; _builder_version=\u00a0\u00bb4.14.4&Prime; _module_preset=\u00a0\u00bbdefault\u00a0\u00bb global_colors_info=\u00a0\u00bb{}\u00a0\u00bb][et_pb_text _builder_version=\u00a0\u00bb4.14.4&Prime; _module_preset=\u00a0\u00bbdefault\u00a0\u00bb global_colors_info=\u00a0\u00bb{}\u00a0\u00bb]<\/p>\n<p style=\"text-align: justify;\">\n<p style=\"text-align: justify;\">\n<p style=\"text-align: justify;\">\n<p style=\"text-align: justify;\">\n<p style=\"text-align: justify;\">\n<p style=\"text-align: justify;\">Lors du lancement de son activit\u00e9 entrepreneurial, il est facile de se perdre entre toutes les choses \u00e0 faire. Afin de ne pas s&rsquo;\u00e9puiser inutilement, tourner en ronds ou passer \u00e0 cot\u00e9 d\u2019\u00e9l\u00e9ments essentiels pour son entreprise individuel en cr\u00e9ation ou nouvellement cr\u00e9\u00e9e, il est n\u00e9cessaire d\u2019acqu\u00e9rir des ressources-cl\u00e9s afin de rendre son entreprise p\u00e9renne. Chacun dispose d\u00e9j\u00e0 de ses propres ressources mais n&rsquo;en a pas forc\u00e9ment conscience. Cette formation a pour but de vous faire d\u00e9couvrir les ressources cl\u00e9s dont vous disposez d\u00e9j\u00e0 afin de pouvoir optimiser les autres sur cette base concr\u00e8te et de poser des actions pragmatiques permettant de d\u00e9velopper ses ressources.<\/p>\n<p>[\/et_pb_text][\/et_pb_column][et_pb_column type=\u00a0\u00bb2_5&Prime; _builder_version=\u00a0\u00bb4.14.4&Prime; _module_preset=\u00a0\u00bbdefault\u00a0\u00bb global_colors_info=\u00a0\u00bb{}\u00a0\u00bb][et_pb_image src=\u00a0\u00bbhttp:\/\/nathaliedeweztherapeute.fr\/wp-content\/uploads\/2023\/10\/Udemy2.png\u00a0\u00bb title_text=\u00a0\u00bbPrendre conscience de ses ressources et les d\u00e9velopper\u00a0\u00bb _builder_version=\u00a0\u00bb4.14.4&Prime; _module_preset=\u00a0\u00bbdefault\u00a0\u00bb global_colors_info=\u00a0\u00bb{}\u00a0\u00bb][\/et_pb_image][\/et_pb_column][\/et_pb_row][et_pb_row _builder_version=\u00a0\u00bb4.14.4&Prime; _module_preset=\u00a0\u00bbdefault\u00a0\u00bb global_colors_info=\u00a0\u00bb{}\u00a0\u00bb][et_pb_column type=\u00a0\u00bb4_4&Prime; _builder_version=\u00a0\u00bb4.14.4&Prime; _module_preset=\u00a0\u00bbdefault\u00a0\u00bb global_colors_info=\u00a0\u00bb{}\u00a0\u00bb][et_pb_button button_url=\u00a0\u00bbhttps:\/\/www.udemy.com\/course\/apprend-a-determiner-tes-ressources-cles-et-a-les-developper\/?referralCode=0B1F04385490150667A4&Prime; button_text=\u00a0\u00bbAchetez sur Udemy\u00a0\u00bb button_alignment=\u00a0\u00bbcenter\u00a0\u00bb _builder_version=\u00a0\u00bb4.14.4&Prime; _module_preset=\u00a0\u00bbdefault\u00a0\u00bb custom_button=\u00a0\u00bbon\u00a0\u00bb button_text_color=\u00a0\u00bb#E09900&Prime; global_colors_info=\u00a0\u00bb{}\u00a0\u00bb][\/et_pb_button][\/et_pb_column][\/et_pb_row][et_pb_row column_structure=\u00a0\u00bb2_5,3_5&Prime; _builder_version=\u00a0\u00bb4.14.4&Prime; _module_preset=\u00a0\u00bbdefault\u00a0\u00bb global_colors_info=\u00a0\u00bb{}\u00a0\u00bb][et_pb_column type=\u00a0\u00bb2_5&Prime; _builder_version=\u00a0\u00bb4.14.4&Prime; _module_preset=\u00a0\u00bbdefault\u00a0\u00bb global_colors_info=\u00a0\u00bb{}\u00a0\u00bb][et_pb_image src=\u00a0\u00bbhttp:\/\/nathaliedeweztherapeute.fr\/wp-content\/uploads\/2023\/11\/LArt-de-sautosaboter-par-peur-de-reussir.jpg\u00a0\u00bb alt=\u00a0\u00bbs\u00e9ance individuelle Nathalie Dewez Th\u00e9rapeute\u00a0\u00bb title_text=\u00a0\u00bbL\u2019Art de s\u2019autosaboter par peur de r\u00e9ussir\u00a0\u00bb _builder_version=\u00a0\u00bb4.14.4&Prime; _module_preset=\u00a0\u00bbdefault\u00a0\u00bb width=\u00a0\u00bb78%\u00a0\u00bb module_alignment=\u00a0\u00bbcenter\u00a0\u00bb global_colors_info=\u00a0\u00bb{}\u00a0\u00bb][\/et_pb_image][\/et_pb_column][et_pb_column type=\u00a0\u00bb3_5&Prime; _builder_version=\u00a0\u00bb4.14.4&Prime; _module_preset=\u00a0\u00bbdefault\u00a0\u00bb global_colors_info=\u00a0\u00bb{}\u00a0\u00bb][et_pb_text _builder_version=\u00a0\u00bb4.14.4&Prime; _module_preset=\u00a0\u00bbdefault\u00a0\u00bb global_colors_info=\u00a0\u00bb{}\u00a0\u00bb]<\/p>\n<p>Parfois les r\u00e9sultats escompt\u00e9s ne viennent pas malgr\u00e9 vos efforts.<\/p>\n<p>&nbsp;<\/p>\n<p>Inconscients beaucoup de m\u00e9canismes nous influencent, nous emp\u00eachant d&rsquo;atteindre l&rsquo;objectif souhait\u00e9.<\/p>\n<p>&nbsp;<\/p>\n<p>Afin de comprendre ce m\u00e9canisme et se mise en \u0153uvre concr\u00e8te afin de pouvoir changer de dynamique, je vous pr\u00e9sente cet atelier pour les entrepreneurs.<\/p>\n<p><strong>30 euros<\/strong><\/p>\n<p>[\/et_pb_text][\/et_pb_column][\/et_pb_row][et_pb_row _builder_version=\u00a0\u00bb4.14.4&Prime; _module_preset=\u00a0\u00bbdefault\u00a0\u00bb global_colors_info=\u00a0\u00bb{}\u00a0\u00bb][et_pb_column type=\u00a0\u00bb4_4&Prime; _builder_version=\u00a0\u00bb4.14.4&Prime; _module_preset=\u00a0\u00bbdefault\u00a0\u00bb global_colors_info=\u00a0\u00bb{}\u00a0\u00bb][et_pb_button button_url=\u00a0\u00bbhttps:\/\/www.nathaliedewez.fr\/l-art-de-s-autosaboter\u00a0\u00bb button_text=\u00a0\u00bbAchetez\u00a0\u00bb button_alignment=\u00a0\u00bbcenter\u00a0\u00bb _builder_version=\u00a0\u00bb4.14.4&Prime; _module_preset=\u00a0\u00bbdefault\u00a0\u00bb custom_button=\u00a0\u00bbon\u00a0\u00bb button_text_color=\u00a0\u00bb#E09900&Prime; hover_enabled=\u00a0\u00bb0&Prime; global_colors_info=\u00a0\u00bb{}\u00a0\u00bb sticky_enabled=\u00a0\u00bb0&Prime;][\/et_pb_button][\/et_pb_column][\/et_pb_row][et_pb_row _builder_version=\u00a0\u00bb4.14.4&Prime; _module_preset=\u00a0\u00bbdefault\u00a0\u00bb global_colors_info=\u00a0\u00bb{}\u00a0\u00bb][et_pb_column type=\u00a0\u00bb4_4&Prime; _builder_version=\u00a0\u00bb4.14.4&Prime; _module_preset=\u00a0\u00bbdefault\u00a0\u00bb global_colors_info=\u00a0\u00bb{}\u00a0\u00bb][et_pb_button button_url=\u00a0\u00bbhttp:\/\/nathaliedeweztherapeute.fr\/index.php\/livre-dor\/\u00a0\u00bb button_text=\u00a0\u00bbT\u00e9moignages\u00a0\u00bb button_alignment=\u00a0\u00bbcenter\u00a0\u00bb _builder_version=\u00a0\u00bb4.14.4&Prime; _module_preset=\u00a0\u00bbdefault\u00a0\u00bb custom_button=\u00a0\u00bbon\u00a0\u00bb button_text_size=\u00a0\u00bb30px\u00a0\u00bb button_text_color=\u00a0\u00bb#E2642F\u00a0\u00bb button_border_color=\u00a0\u00bb#E02B20&Prime; box_shadow_style=\u00a0\u00bbpreset6&Prime; global_colors_info=\u00a0\u00bb{}\u00a0\u00bb][\/et_pb_button][\/et_pb_column][\/et_pb_row][\/et_pb_section]<\/p>\n","protected":false},"excerpt":{"rendered":"<p>Comment se rencontrer sans se connaitre? &nbsp; \u00ab\u00a0Clart\u00e9 et R\u00e9vel&rsquo;action\u00a0\u00bb ont pour but de partager les connaissances &#8211; exercices et pratiques qui peuvent vous aider \u00e0 comprendre votre mode de fonctionnement. La prise de conscience permet de prendre du recul et ainsi s&rsquo;accueillir. Cette voie oriente vers la lumi\u00e8re c&rsquo;est \u00e0 dire la paix int\u00e9rieure [&hellip;]<\/p>\n","protected":false},"author":1,"featured_media":332,"parent":0,"menu_order":0,"comment_status":"closed","ping_status":"closed","template":"","meta":{"_et_pb_use_builder":"on","_et_pb_old_content":"","_et_gb_content_width":"","footnotes":""},"class_list":["post-286","page","type-page","status-publish","has-post-thumbnail","hentry"],"yoast_head":"<!-- This site is optimized with the Yoast SEO plugin v27.3 - https:\/\/yoast.com\/product\/yoast-seo-wordpress\/ -->\n<title>Conf\u00e9rences Ateliers Clart\u00e9 et Revel&#039;action - Nathalie Dewez - Th\u00e9rapeute<\/title>\n<meta name=\"description\" content=\"Mode de fonctionnement, conseils et partages de pratiques afin de se connaitre davantage et ainsi \u00eatre plus en harmonie avec soi-m\u00eame.\" \/>\n<meta name=\"robots\" content=\"index, follow, max-snippet:-1, max-image-preview:large, max-video-preview:-1\" \/>\n<link rel=\"canonical\" href=\"https:\/\/nathaliedeweztherapeute.fr\/index.php\/conferences-ateliers-clarte-revel-action\/\" \/>\n<meta property=\"og:locale\" content=\"fr_FR\" \/>\n<meta property=\"og:type\" content=\"article\" \/>\n<meta property=\"og:title\" content=\"Conf\u00e9rences Ateliers Clart\u00e9 et Revel&#039;action - Nathalie Dewez - Th\u00e9rapeute\" \/>\n<meta property=\"og:description\" content=\"Mode de fonctionnement, conseils et partages de pratiques afin de se connaitre davantage et ainsi \u00eatre plus en harmonie avec soi-m\u00eame.\" \/>\n<meta property=\"og:url\" content=\"https:\/\/nathaliedeweztherapeute.fr\/index.php\/conferences-ateliers-clarte-revel-action\/\" \/>\n<meta property=\"og:site_name\" content=\"Nathalie Dewez - Th\u00e9rapeute\" \/>\n<meta property=\"article:publisher\" content=\"https:\/\/www.facebook.com\/NathalieDewezTherapeute\" \/>\n<meta property=\"article:modified_time\" content=\"2024-06-27T15:19:24+00:00\" \/>\n<meta property=\"og:image\" content=\"https:\/\/nathaliedeweztherapeute.fr\/wp-content\/uploads\/2023\/11\/Prestations11.png\" \/>\n\t<meta property=\"og:image:width\" content=\"768\" \/>\n\t<meta property=\"og:image:height\" content=\"768\" \/>\n\t<meta property=\"og:image:type\" content=\"image\/png\" \/>\n<meta name=\"twitter:card\" content=\"summary_large_image\" \/>\n<meta name=\"twitter:label1\" content=\"Dur\u00e9e de lecture estim\u00e9e\" \/>\n\t<meta name=\"twitter:data1\" content=\"3 minutes\" \/>\n<script type=\"application\/ld+json\" class=\"yoast-schema-graph\">{\"@context\":\"https:\\\/\\\/schema.org\",\"@graph\":[{\"@type\":\"WebPage\",\"@id\":\"https:\\\/\\\/nathaliedeweztherapeute.fr\\\/index.php\\\/conferences-ateliers-clarte-revel-action\\\/\",\"url\":\"https:\\\/\\\/nathaliedeweztherapeute.fr\\\/index.php\\\/conferences-ateliers-clarte-revel-action\\\/\",\"name\":\"Conf\u00e9rences Ateliers Clart\u00e9 et Revel'action - Nathalie Dewez - Th\u00e9rapeute\",\"isPartOf\":{\"@id\":\"https:\\\/\\\/nathaliedeweztherapeute.fr\\\/#website\"},\"primaryImageOfPage\":{\"@id\":\"https:\\\/\\\/nathaliedeweztherapeute.fr\\\/index.php\\\/conferences-ateliers-clarte-revel-action\\\/#primaryimage\"},\"image\":{\"@id\":\"https:\\\/\\\/nathaliedeweztherapeute.fr\\\/index.php\\\/conferences-ateliers-clarte-revel-action\\\/#primaryimage\"},\"thumbnailUrl\":\"https:\\\/\\\/nathaliedeweztherapeute.fr\\\/wp-content\\\/uploads\\\/2023\\\/11\\\/Prestations11.png\",\"datePublished\":\"2023-09-11T14:28:13+00:00\",\"dateModified\":\"2024-06-27T15:19:24+00:00\",\"description\":\"Mode de fonctionnement, conseils et partages de pratiques afin de se connaitre davantage et ainsi \u00eatre plus en harmonie avec soi-m\u00eame.\",\"breadcrumb\":{\"@id\":\"https:\\\/\\\/nathaliedeweztherapeute.fr\\\/index.php\\\/conferences-ateliers-clarte-revel-action\\\/#breadcrumb\"},\"inLanguage\":\"fr-FR\",\"potentialAction\":[{\"@type\":\"ReadAction\",\"target\":[\"https:\\\/\\\/nathaliedeweztherapeute.fr\\\/index.php\\\/conferences-ateliers-clarte-revel-action\\\/\"]}]},{\"@type\":\"ImageObject\",\"inLanguage\":\"fr-FR\",\"@id\":\"https:\\\/\\\/nathaliedeweztherapeute.fr\\\/index.php\\\/conferences-ateliers-clarte-revel-action\\\/#primaryimage\",\"url\":\"https:\\\/\\\/nathaliedeweztherapeute.fr\\\/wp-content\\\/uploads\\\/2023\\\/11\\\/Prestations11.png\",\"contentUrl\":\"https:\\\/\\\/nathaliedeweztherapeute.fr\\\/wp-content\\\/uploads\\\/2023\\\/11\\\/Prestations11.png\",\"width\":768,\"height\":768},{\"@type\":\"BreadcrumbList\",\"@id\":\"https:\\\/\\\/nathaliedeweztherapeute.fr\\\/index.php\\\/conferences-ateliers-clarte-revel-action\\\/#breadcrumb\",\"itemListElement\":[{\"@type\":\"ListItem\",\"position\":1,\"name\":\"Accueil\",\"item\":\"https:\\\/\\\/nathaliedeweztherapeute.fr\\\/\"},{\"@type\":\"ListItem\",\"position\":2,\"name\":\"Conf\u00e9rences Ateliers Clart\u00e9 et Revel&rsquo;action\"}]},{\"@type\":\"WebSite\",\"@id\":\"https:\\\/\\\/nathaliedeweztherapeute.fr\\\/#website\",\"url\":\"https:\\\/\\\/nathaliedeweztherapeute.fr\\\/\",\"name\":\"Nathalie Dewez - Th\u00e9rapeute\",\"description\":\"Je choisis de prendre mon bien-\u00eatre en urgence au lieu de prendre mon mal-\u00eatre en patience\",\"publisher\":{\"@id\":\"https:\\\/\\\/nathaliedeweztherapeute.fr\\\/#organization\"},\"potentialAction\":[{\"@type\":\"SearchAction\",\"target\":{\"@type\":\"EntryPoint\",\"urlTemplate\":\"https:\\\/\\\/nathaliedeweztherapeute.fr\\\/?s={search_term_string}\"},\"query-input\":{\"@type\":\"PropertyValueSpecification\",\"valueRequired\":true,\"valueName\":\"search_term_string\"}}],\"inLanguage\":\"fr-FR\"},{\"@type\":\"Organization\",\"@id\":\"https:\\\/\\\/nathaliedeweztherapeute.fr\\\/#organization\",\"name\":\"Nathalie Dewez - Th\u00e9rapeute\",\"url\":\"https:\\\/\\\/nathaliedeweztherapeute.fr\\\/\",\"logo\":{\"@type\":\"ImageObject\",\"inLanguage\":\"fr-FR\",\"@id\":\"https:\\\/\\\/nathaliedeweztherapeute.fr\\\/#\\\/schema\\\/logo\\\/image\\\/\",\"url\":\"http:\\\/\\\/nathaliedeweztherapeute.fr\\\/wp-content\\\/uploads\\\/2023\\\/05\\\/LOGO-TEST-1.png\",\"contentUrl\":\"http:\\\/\\\/nathaliedeweztherapeute.fr\\\/wp-content\\\/uploads\\\/2023\\\/05\\\/LOGO-TEST-1.png\",\"width\":2000,\"height\":2000,\"caption\":\"Nathalie Dewez - Th\u00e9rapeute\"},\"image\":{\"@id\":\"https:\\\/\\\/nathaliedeweztherapeute.fr\\\/#\\\/schema\\\/logo\\\/image\\\/\"},\"sameAs\":[\"https:\\\/\\\/www.facebook.com\\\/NathalieDewezTherapeute\",\"https:\\\/\\\/www.linkedin.com\\\/in\\\/nathaliedeweztherapeute\\\/\"]}]}<\/script>\n<!-- \/ Yoast SEO plugin. -->","yoast_head_json":{"title":"Conf\u00e9rences Ateliers Clart\u00e9 et Revel'action - Nathalie Dewez - Th\u00e9rapeute","description":"Mode de fonctionnement, conseils et partages de pratiques afin de se connaitre davantage et ainsi \u00eatre plus en harmonie avec soi-m\u00eame.","robots":{"index":"index","follow":"follow","max-snippet":"max-snippet:-1","max-image-preview":"max-image-preview:large","max-video-preview":"max-video-preview:-1"},"canonical":"https:\/\/nathaliedeweztherapeute.fr\/index.php\/conferences-ateliers-clarte-revel-action\/","og_locale":"fr_FR","og_type":"article","og_title":"Conf\u00e9rences Ateliers Clart\u00e9 et Revel'action - Nathalie Dewez - Th\u00e9rapeute","og_description":"Mode de fonctionnement, conseils et partages de pratiques afin de se connaitre davantage et ainsi \u00eatre plus en harmonie avec soi-m\u00eame.","og_url":"https:\/\/nathaliedeweztherapeute.fr\/index.php\/conferences-ateliers-clarte-revel-action\/","og_site_name":"Nathalie Dewez - Th\u00e9rapeute","article_publisher":"https:\/\/www.facebook.com\/NathalieDewezTherapeute","article_modified_time":"2024-06-27T15:19:24+00:00","og_image":[{"width":768,"height":768,"url":"https:\/\/nathaliedeweztherapeute.fr\/wp-content\/uploads\/2023\/11\/Prestations11.png","type":"image\/png"}],"twitter_card":"summary_large_image","twitter_misc":{"Dur\u00e9e de lecture estim\u00e9e":"3 minutes"},"schema":{"@context":"https:\/\/schema.org","@graph":[{"@type":"WebPage","@id":"https:\/\/nathaliedeweztherapeute.fr\/index.php\/conferences-ateliers-clarte-revel-action\/","url":"https:\/\/nathaliedeweztherapeute.fr\/index.php\/conferences-ateliers-clarte-revel-action\/","name":"Conf\u00e9rences Ateliers Clart\u00e9 et Revel'action - Nathalie Dewez - Th\u00e9rapeute","isPartOf":{"@id":"https:\/\/nathaliedeweztherapeute.fr\/#website"},"primaryImageOfPage":{"@id":"https:\/\/nathaliedeweztherapeute.fr\/index.php\/conferences-ateliers-clarte-revel-action\/#primaryimage"},"image":{"@id":"https:\/\/nathaliedeweztherapeute.fr\/index.php\/conferences-ateliers-clarte-revel-action\/#primaryimage"},"thumbnailUrl":"https:\/\/nathaliedeweztherapeute.fr\/wp-content\/uploads\/2023\/11\/Prestations11.png","datePublished":"2023-09-11T14:28:13+00:00","dateModified":"2024-06-27T15:19:24+00:00","description":"Mode de fonctionnement, conseils et partages de pratiques afin de se connaitre davantage et ainsi \u00eatre plus en harmonie avec soi-m\u00eame.","breadcrumb":{"@id":"https:\/\/nathaliedeweztherapeute.fr\/index.php\/conferences-ateliers-clarte-revel-action\/#breadcrumb"},"inLanguage":"fr-FR","potentialAction":[{"@type":"ReadAction","target":["https:\/\/nathaliedeweztherapeute.fr\/index.php\/conferences-ateliers-clarte-revel-action\/"]}]},{"@type":"ImageObject","inLanguage":"fr-FR","@id":"https:\/\/nathaliedeweztherapeute.fr\/index.php\/conferences-ateliers-clarte-revel-action\/#primaryimage","url":"https:\/\/nathaliedeweztherapeute.fr\/wp-content\/uploads\/2023\/11\/Prestations11.png","contentUrl":"https:\/\/nathaliedeweztherapeute.fr\/wp-content\/uploads\/2023\/11\/Prestations11.png","width":768,"height":768},{"@type":"BreadcrumbList","@id":"https:\/\/nathaliedeweztherapeute.fr\/index.php\/conferences-ateliers-clarte-revel-action\/#breadcrumb","itemListElement":[{"@type":"ListItem","position":1,"name":"Accueil","item":"https:\/\/nathaliedeweztherapeute.fr\/"},{"@type":"ListItem","position":2,"name":"Conf\u00e9rences Ateliers Clart\u00e9 et Revel&rsquo;action"}]},{"@type":"WebSite","@id":"https:\/\/nathaliedeweztherapeute.fr\/#website","url":"https:\/\/nathaliedeweztherapeute.fr\/","name":"Nathalie Dewez - Th\u00e9rapeute","description":"Je choisis de prendre mon bien-\u00eatre en urgence au lieu de prendre mon mal-\u00eatre en patience","publisher":{"@id":"https:\/\/nathaliedeweztherapeute.fr\/#organization"},"potentialAction":[{"@type":"SearchAction","target":{"@type":"EntryPoint","urlTemplate":"https:\/\/nathaliedeweztherapeute.fr\/?s={search_term_string}"},"query-input":{"@type":"PropertyValueSpecification","valueRequired":true,"valueName":"search_term_string"}}],"inLanguage":"fr-FR"},{"@type":"Organization","@id":"https:\/\/nathaliedeweztherapeute.fr\/#organization","name":"Nathalie Dewez - Th\u00e9rapeute","url":"https:\/\/nathaliedeweztherapeute.fr\/","logo":{"@type":"ImageObject","inLanguage":"fr-FR","@id":"https:\/\/nathaliedeweztherapeute.fr\/#\/schema\/logo\/image\/","url":"http:\/\/nathaliedeweztherapeute.fr\/wp-content\/uploads\/2023\/05\/LOGO-TEST-1.png","contentUrl":"http:\/\/nathaliedeweztherapeute.fr\/wp-content\/uploads\/2023\/05\/LOGO-TEST-1.png","width":2000,"height":2000,"caption":"Nathalie Dewez - Th\u00e9rapeute"},"image":{"@id":"https:\/\/nathaliedeweztherapeute.fr\/#\/schema\/logo\/image\/"},"sameAs":["https:\/\/www.facebook.com\/NathalieDewezTherapeute","https:\/\/www.linkedin.com\/in\/nathaliedeweztherapeute\/"]}]}},"_links":{"self":[{"href":"https:\/\/nathaliedeweztherapeute.fr\/index.php\/wp-json\/wp\/v2\/pages\/286","targetHints":{"allow":["GET"]}}],"collection":[{"href":"https:\/\/nathaliedeweztherapeute.fr\/index.php\/wp-json\/wp\/v2\/pages"}],"about":[{"href":"https:\/\/nathaliedeweztherapeute.fr\/index.php\/wp-json\/wp\/v2\/types\/page"}],"author":[{"embeddable":true,"href":"https:\/\/nathaliedeweztherapeute.fr\/index.php\/wp-json\/wp\/v2\/users\/1"}],"replies":[{"embeddable":true,"href":"https:\/\/nathaliedeweztherapeute.fr\/index.php\/wp-json\/wp\/v2\/comments?post=286"}],"version-history":[{"count":16,"href":"https:\/\/nathaliedeweztherapeute.fr\/index.php\/wp-json\/wp\/v2\/pages\/286\/revisions"}],"predecessor-version":[{"id":670,"href":"https:\/\/nathaliedeweztherapeute.fr\/index.php\/wp-json\/wp\/v2\/pages\/286\/revisions\/670"}],"wp:featuredmedia":[{"embeddable":true,"href":"https:\/\/nathaliedeweztherapeute.fr\/index.php\/wp-json\/wp\/v2\/media\/332"}],"wp:attachment":[{"href":"https:\/\/nathaliedeweztherapeute.fr\/index.php\/wp-json\/wp\/v2\/media?parent=286"}],"curies":[{"name":"wp","href":"https:\/\/api.w.org\/{rel}","templated":true}]}}