{"id":7,"date":"2023-05-03T23:21:15","date_gmt":"2023-05-03T21:21:15","guid":{"rendered":"http:\/\/nathaliedeweztherapeute.fr\/?page_id=7"},"modified":"2026-04-02T19:55:40","modified_gmt":"2026-04-02T17:55:40","slug":"accueil","status":"publish","type":"page","link":"https:\/\/nathaliedeweztherapeute.fr\/","title":{"rendered":"Accueil"},"content":{"rendered":"<p>[et_pb_section fb_built=\u00a0\u00bb1&Prime; _builder_version=\u00a0\u00bb4.14.4&Prime; _module_preset=\u00a0\u00bbdefault\u00a0\u00bb custom_padding=\u00a0\u00bb||23px|||\u00a0\u00bb global_colors_info=\u00a0\u00bb{}\u00a0\u00bb][et_pb_row _builder_version=\u00a0\u00bb4.14.4&Prime; _module_preset=\u00a0\u00bbdefault\u00a0\u00bb global_colors_info=\u00a0\u00bb{}\u00a0\u00bb][et_pb_column type=\u00a0\u00bb4_4&Prime; _builder_version=\u00a0\u00bb4.14.4&Prime; _module_preset=\u00a0\u00bbdefault\u00a0\u00bb global_colors_info=\u00a0\u00bb{}\u00a0\u00bb][et_pb_text _builder_version=\u00a0\u00bb4.14.4&Prime; _module_preset=\u00a0\u00bbdefault\u00a0\u00bb header_font_size=\u00a0\u00bb38px\u00a0\u00bb header_3_font=\u00a0\u00bbStalemate||||||||\u00a0\u00bb header_3_font_size=\u00a0\u00bb47px\u00a0\u00bb header_3_line_height=\u00a0\u00bb0.7em\u00a0\u00bb animation_style=\u00a0\u00bbfade\u00a0\u00bb global_colors_info=\u00a0\u00bb{}\u00a0\u00bb]<\/p>\n<h3 style=\"text-align: center;\"><span><b>Cr\u00e9er \u00e0 partir de Soi pour transformer sa vie et son activit\u00e9<\/b><\/span><\/h3>\n<p>[\/et_pb_text][\/et_pb_column][\/et_pb_row][\/et_pb_section][et_pb_section fb_built=\u00a0\u00bb1&Prime; _builder_version=\u00a0\u00bb4.14.4&Prime; _module_preset=\u00a0\u00bbdefault\u00a0\u00bb background_image=\u00a0\u00bbhttp:\/\/nathaliedeweztherapeute.fr\/wp-content\/uploads\/2023\/05\/fond-ok-2.png\u00a0\u00bb parallax=\u00a0\u00bbon\u00a0\u00bb global_colors_info=\u00a0\u00bb{}\u00a0\u00bb][et_pb_row column_structure=\u00a0\u00bb1_2,1_2&Prime; _builder_version=\u00a0\u00bb4.14.4&Prime; _module_preset=\u00a0\u00bbdefault\u00a0\u00bb animation_style=\u00a0\u00bbfade\u00a0\u00bb global_colors_info=\u00a0\u00bb{}\u00a0\u00bb][et_pb_column type=\u00a0\u00bb1_2&Prime; _builder_version=\u00a0\u00bb4.14.4&Prime; _module_preset=\u00a0\u00bbdefault\u00a0\u00bb global_colors_info=\u00a0\u00bb{}\u00a0\u00bb][et_pb_image src=\u00a0\u00bbhttp:\/\/nathaliedeweztherapeute.fr\/wp-content\/uploads\/2023\/05\/DSC_2874_gilles_99-moy-1.jpg\u00a0\u00bb title_text=\u00a0\u00bbLOGO TEST 1&Prime; align=\u00a0\u00bbcenter\u00a0\u00bb force_fullwidth=\u00a0\u00bbon\u00a0\u00bb _builder_version=\u00a0\u00bb4.14.4&Prime; _module_preset=\u00a0\u00bbdefault\u00a0\u00bb background_image=\u00a0\u00bbhttp:\/\/nathaliedeweztherapeute.fr\/wp-content\/uploads\/2023\/05\/LOGO-TEST-1.png\u00a0\u00bb background_size=\u00a0\u00bbinitial\u00a0\u00bb global_colors_info=\u00a0\u00bb{}\u00a0\u00bb][\/et_pb_image][\/et_pb_column][et_pb_column type=\u00a0\u00bb1_2&Prime; _builder_version=\u00a0\u00bb4.14.4&Prime; _module_preset=\u00a0\u00bbdefault\u00a0\u00bb global_colors_info=\u00a0\u00bb{}\u00a0\u00bb][et_pb_text _builder_version=\u00a0\u00bb4.14.4&Prime; _module_preset=\u00a0\u00bbdefault\u00a0\u00bb header_3_font=\u00a0\u00bbBebas Neue|||on|||||\u00a0\u00bb header_3_text_color=\u00a0\u00bb#000000&Prime; header_3_font_size=\u00a0\u00bb30px\u00a0\u00bb header_3_letter_spacing=\u00a0\u00bb1px\u00a0\u00bb global_colors_info=\u00a0\u00bb{}\u00a0\u00bb]<\/p>\n<h3 style=\"text-align: center;\">Pr\u00e9sentation<\/h3>\n<p>[\/et_pb_text][et_pb_text _builder_version=\u00a0\u00bb4.14.4&Prime; _module_preset=\u00a0\u00bbdefault\u00a0\u00bb text_font=\u00a0\u00bb||||||||\u00a0\u00bb text_line_height=\u00a0\u00bb1.8em\u00a0\u00bb custom_padding=\u00a0\u00bb||25px|||\u00a0\u00bb global_colors_info=\u00a0\u00bb{}\u00a0\u00bb]<\/p>\n<p>J&rsquo;accompagne les personnes et les entrepreneurs \u00e0 revenir \u00e0 eux-m\u00eames pour cr\u00e9er une vie, un accompagnement et des offres profond\u00e9ment align\u00e9s avec qui ils sont.<\/p>\n<p>[\/et_pb_text][et_pb_text _builder_version=\u00a0\u00bb4.14.4&Prime; _module_preset=\u00a0\u00bbdefault\u00a0\u00bb header_3_font=\u00a0\u00bbBebas Neue|||on|||||\u00a0\u00bb header_3_text_color=\u00a0\u00bb#000000&Prime; header_3_font_size=\u00a0\u00bb30px\u00a0\u00bb header_3_letter_spacing=\u00a0\u00bb1px\u00a0\u00bb global_colors_info=\u00a0\u00bb{}\u00a0\u00bb]<\/p>\n<h3 style=\"text-align: center;\">mes accompagnements<\/h3>\n<p>[\/et_pb_text][et_pb_button button_text=\u00a0\u00bbTransformation personnelle\u00a0\u00bb button_alignment=\u00a0\u00bbcenter\u00a0\u00bb _builder_version=\u00a0\u00bb4.14.4&Prime; _module_preset=\u00a0\u00bbdefault\u00a0\u00bb custom_button=\u00a0\u00bbon\u00a0\u00bb button_text_color=\u00a0\u00bb#EC5040&Prime; global_colors_info=\u00a0\u00bb{}\u00a0\u00bb][\/et_pb_button][et_pb_button button_text=\u00a0\u00bbTransformation accompagnement\u00a0\u00bb button_alignment=\u00a0\u00bbcenter\u00a0\u00bb _builder_version=\u00a0\u00bb4.14.4&Prime; _module_preset=\u00a0\u00bbdefault\u00a0\u00bb custom_button=\u00a0\u00bbon\u00a0\u00bb button_text_color=\u00a0\u00bb#0C71C3&Prime; global_colors_info=\u00a0\u00bb{}\u00a0\u00bb][\/et_pb_button][et_pb_button button_text=\u00a0\u00bbTransformation business\u00a0\u00bb button_alignment=\u00a0\u00bbcenter\u00a0\u00bb _builder_version=\u00a0\u00bb4.14.4&Prime; _module_preset=\u00a0\u00bbdefault\u00a0\u00bb custom_button=\u00a0\u00bbon\u00a0\u00bb button_text_color=\u00a0\u00bb#E09900&Prime; global_colors_info=\u00a0\u00bb{}\u00a0\u00bb][\/et_pb_button][et_pb_text _builder_version=\u00a0\u00bb4.14.4&Prime; _module_preset=\u00a0\u00bbdefault\u00a0\u00bb header_3_font=\u00a0\u00bbBebas Neue|||on|||||\u00a0\u00bb header_3_text_color=\u00a0\u00bb#000000&Prime; header_3_font_size=\u00a0\u00bb30px\u00a0\u00bb header_3_letter_spacing=\u00a0\u00bb1px\u00a0\u00bb global_colors_info=\u00a0\u00bb{}\u00a0\u00bb]<\/p>\n<h3 style=\"text-align: center;\">Ma vision<\/h3>\n<p>[\/et_pb_text][et_pb_text _builder_version=\u00a0\u00bb4.14.4&Prime; _module_preset=\u00a0\u00bbdefault\u00a0\u00bb text_font=\u00a0\u00bb||||||||\u00a0\u00bb text_line_height=\u00a0\u00bb1.8em\u00a0\u00bb custom_padding=\u00a0\u00bb||25px|||\u00a0\u00bb global_colors_info=\u00a0\u00bb{}\u00a0\u00bb]<\/p>\n<p>Tout part de Soi.<\/p>\n<p>Mes outils de gestion des traumatismes et d&rsquo;aide aux changements, ma cr\u00e9ativit\u00e9, mon exp\u00e9rience business d\u00e9pendent de chacun.<\/p>\n<p>Il n&rsquo;y a pas de formule miracle mais bien un process de transformation qui d\u00e9pend de la personne que j&rsquo;accompagne.\u00a0<\/p>\n<p>C&rsquo;est ce qui fait la force de mes approches, partir de vous et adapter mes outils et ma vision en fonction de vos besoins. C&rsquo;est cette co-cr\u00e9ation qui permet une transformation profonde et durable car en ad\u00e9quation avec vous.<\/p>\n<p>[\/et_pb_text][et_pb_text _builder_version=\u00a0\u00bb4.14.4&Prime; _module_preset=\u00a0\u00bbdefault\u00a0\u00bb header_3_font=\u00a0\u00bbBebas Neue|||on|||||\u00a0\u00bb header_3_text_color=\u00a0\u00bb#000000&Prime; header_3_font_size=\u00a0\u00bb30px\u00a0\u00bb header_3_letter_spacing=\u00a0\u00bb1px\u00a0\u00bb hover_enabled=\u00a0\u00bb0&Prime; global_colors_info=\u00a0\u00bb{}\u00a0\u00bb sticky_enabled=\u00a0\u00bb0&Prime;]<\/p>\n<h3 style=\"text-align: center;\">Mon \u00e9cosyst\u00e8me<\/h3>\n<p>[\/et_pb_text][et_pb_text _builder_version=\u00a0\u00bb4.14.4&Prime; _module_preset=\u00a0\u00bbdefault\u00a0\u00bb text_font=\u00a0\u00bb||||||||\u00a0\u00bb text_line_height=\u00a0\u00bb1.8em\u00a0\u00bb custom_padding=\u00a0\u00bb||25px|||\u00a0\u00bb hover_enabled=\u00a0\u00bb0&Prime; global_colors_info=\u00a0\u00bb{}\u00a0\u00bb sticky_enabled=\u00a0\u00bb0&Prime;]<\/p>\n<p>&#8211; <strong>Se comporter autrement<\/strong> pour apprendre \u00e0 s&rsquo;accueillir soi-m&rsquo;aime \u00e0 travers la th\u00e9rapie et le coaching;<\/p>\n<p>&#8211; <strong>Accompagner autrement<\/strong> pour les acteurs du bien-\u00eatre (voir ma cha\u00eene Youtube Nathalie Dewez Dewigneuse d&rsquo;id\u00e9es);<\/p>\n<p>&#8211; <strong>Impacter autrement<\/strong> pour les dirigeants de petites structures \u00e0 forte croissance \u00e0 travers des offres et une exp\u00e9rience client apportant une v\u00e9ritable exp\u00e9rience diff\u00e9renciante;<\/p>\n<p>[\/et_pb_text][et_pb_social_media_follow icon_color=\u00a0\u00bb#FFFFFF\u00a0\u00bb use_icon_font_size=\u00a0\u00bbon\u00a0\u00bb icon_font_size=\u00a0\u00bb13px\u00a0\u00bb _builder_version=\u00a0\u00bb4.14.4&Prime; _module_preset=\u00a0\u00bbdefault\u00a0\u00bb text_orientation=\u00a0\u00bbcenter\u00a0\u00bb global_colors_info=\u00a0\u00bb{}\u00a0\u00bb][et_pb_social_media_follow_network social_network=\u00a0\u00bbfacebook\u00a0\u00bb url=\u00a0\u00bbhttps:\/\/www.facebook.com\/NathalieDewezTherapeute\u00a0\u00bb _builder_version=\u00a0\u00bb4.14.4&Prime; _module_preset=\u00a0\u00bbdefault\u00a0\u00bb background_color=\u00a0\u00bb#3b5998&Prime; global_colors_info=\u00a0\u00bb{}\u00a0\u00bb follow_button=\u00a0\u00bboff\u00a0\u00bb url_new_window=\u00a0\u00bbon\u00a0\u00bb]facebook[\/et_pb_social_media_follow_network][et_pb_social_media_follow_network social_network=\u00a0\u00bbinstagram\u00a0\u00bb url=\u00a0\u00bbhttps:\/\/www.instagram.com\/nathaliedeweztherapeute\/\u00a0\u00bb _builder_version=\u00a0\u00bb4.14.4&Prime; _module_preset=\u00a0\u00bbdefault\u00a0\u00bb background_color=\u00a0\u00bb#ea2c59&Prime; global_colors_info=\u00a0\u00bb{}\u00a0\u00bb follow_button=\u00a0\u00bboff\u00a0\u00bb url_new_window=\u00a0\u00bbon\u00a0\u00bb]instagram[\/et_pb_social_media_follow_network][et_pb_social_media_follow_network social_network=\u00a0\u00bbyoutube\u00a0\u00bb url=\u00a0\u00bbhttps:\/\/youtube.com\/@nathaliedeweztherapeute\u00a0\u00bb _builder_version=\u00a0\u00bb4.14.4&Prime; _module_preset=\u00a0\u00bbdefault\u00a0\u00bb background_color=\u00a0\u00bb#a82400&Prime; global_colors_info=\u00a0\u00bb{}\u00a0\u00bb follow_button=\u00a0\u00bboff\u00a0\u00bb url_new_window=\u00a0\u00bbon\u00a0\u00bb]youtube[\/et_pb_social_media_follow_network][et_pb_social_media_follow_network social_network=\u00a0\u00bblinkedin\u00a0\u00bb url=\u00a0\u00bbhttp:\/\/www.linkedin.com\/in\/nathaliedeweztherapeute\u00a0\u00bb _builder_version=\u00a0\u00bb4.14.4&Prime; _module_preset=\u00a0\u00bbdefault\u00a0\u00bb background_color=\u00a0\u00bb#007bb6&Prime; global_colors_info=\u00a0\u00bb{}\u00a0\u00bb follow_button=\u00a0\u00bboff\u00a0\u00bb url_new_window=\u00a0\u00bbon\u00a0\u00bb]linkedin[\/et_pb_social_media_follow_network][et_pb_social_media_follow_network social_network=\u00a0\u00bbyoutube\u00a0\u00bb url=\u00a0\u00bbhttps:\/\/youtube.com\/@nathaliedewezNathalieDewezDesigneuse\u00a0\u00bb _builder_version=\u00a0\u00bb4.14.4&Prime; _module_preset=\u00a0\u00bbdefault\u00a0\u00bb background_color=\u00a0\u00bb#a82400&Prime; global_colors_info=\u00a0\u00bb{}\u00a0\u00bb follow_button=\u00a0\u00bboff\u00a0\u00bb url_new_window=\u00a0\u00bbon\u00a0\u00bb]youtube[\/et_pb_social_media_follow_network][et_pb_social_media_follow_network social_network=\u00a0\u00bbtiktok\u00a0\u00bb url=\u00a0\u00bbhttp:\/\/tiktok.com\/@nathaliedeweztherapeute\u00a0\u00bb use_icon_font_size=\u00a0\u00bbon\u00a0\u00bb _builder_version=\u00a0\u00bb4.14.4&Prime; _module_preset=\u00a0\u00bbdefault\u00a0\u00bb background_color=\u00a0\u00bb#fe2c55&Prime; global_colors_info=\u00a0\u00bb{}\u00a0\u00bb follow_button=\u00a0\u00bboff\u00a0\u00bb url_new_window=\u00a0\u00bbon\u00a0\u00bb]tiktok[\/et_pb_social_media_follow_network][\/et_pb_social_media_follow][et_pb_text _builder_version=\u00a0\u00bb4.14.4&Prime; _module_preset=\u00a0\u00bbdefault\u00a0\u00bb header_3_font=\u00a0\u00bbBebas Neue|||on|||||\u00a0\u00bb header_3_text_color=\u00a0\u00bb#000000&Prime; header_3_font_size=\u00a0\u00bb30px\u00a0\u00bb header_3_letter_spacing=\u00a0\u00bb1px\u00a0\u00bb global_colors_info=\u00a0\u00bb{}\u00a0\u00bb]<\/p>\n<h3 style=\"text-align: center;\">T\u00c9MOIGNAGES<\/h3>\n<p>[\/et_pb_text][et_pb_testimonial author=\u00a0\u00bbNicolas\u00a0\u00bb portrait_url=\u00a0\u00bbhttp:\/\/nathaliedeweztherapeute.fr\/wp-content\/uploads\/2023\/05\/T01.png\u00a0\u00bb _builder_version=\u00a0\u00bb4.14.4&Prime; _module_preset=\u00a0\u00bbdefault\u00a0\u00bb global_colors_info=\u00a0\u00bb{}\u00a0\u00bb]<\/p>\n<p>\u201d Nathalie m\u2019a beaucoup aid\u00e9 dans mon organisation personnelle et dans la priorisation des<\/p>\n<p>t\u00e2ches. Elle est tr\u00e8s \u00e0 l\u2019\u00e9coute et de bon conseil, je recommande vivement. \u201c<\/p>\n<p>[\/et_pb_testimonial][\/et_pb_column][\/et_pb_row][et_pb_row column_structure=\u00a0\u00bb1_2,1_2&Prime; _builder_version=\u00a0\u00bb4.14.4&Prime; _module_preset=\u00a0\u00bbdefault\u00a0\u00bb global_colors_info=\u00a0\u00bb{}\u00a0\u00bb][et_pb_column type=\u00a0\u00bb1_2&Prime; _builder_version=\u00a0\u00bb4.14.4&Prime; _module_preset=\u00a0\u00bbdefault\u00a0\u00bb global_colors_info=\u00a0\u00bb{}\u00a0\u00bb][et_pb_testimonial author=\u00a0\u00bbAur\u00e9lie\u00a0\u00bb portrait_url=\u00a0\u00bbhttp:\/\/nathaliedeweztherapeute.fr\/wp-content\/uploads\/2023\/05\/T05.png\u00a0\u00bb _builder_version=\u00a0\u00bb4.14.4&Prime; _module_preset=\u00a0\u00bbdefault\u00a0\u00bb global_colors_info=\u00a0\u00bb{}\u00a0\u00bb]<\/p>\n<p>\u201cMon coaching avec Nathalie a \u00e9t\u00e9 tr\u00e8s b\u00e9n\u00e9fique, elle s\u2019est montr\u00e9 tr\u00e8s ouverte et \u00e0 l\u2019\u00e9coute\u00a0lors de nos \u00e9changes. C\u2019\u00e9tait la premi\u00e8re fois que je me lan\u00e7ais dans cette d\u00e9marche, Nathalie\u00a0a su me proposer une m\u00e9thodologie qui me correspondais, \u00e0 mon rythme.<\/p>\n<p>Cela m\u2019a permis de me remettre en question ; d\u2019apprendre \u00e0 me recentrer sur ce qui\u00a0\u00e9tait vraiment important pour moi.<\/p>\n<p>Je recommande vivement de faire appel \u00e0 elle, elle saura vous guider et vous\u00a0accompagner, quelque soit l\u2019objectif de votre d\u00e9marche.\u201d<\/p>\n<p>[\/et_pb_testimonial][\/et_pb_column][et_pb_column type=\u00a0\u00bb1_2&Prime; _builder_version=\u00a0\u00bb4.14.4&Prime; _module_preset=\u00a0\u00bbdefault\u00a0\u00bb global_colors_info=\u00a0\u00bb{}\u00a0\u00bb][et_pb_testimonial author=\u00a0\u00bbFanny\u00a0\u00bb portrait_url=\u00a0\u00bbhttp:\/\/nathaliedeweztherapeute.fr\/wp-content\/uploads\/2023\/05\/T07.png\u00a0\u00bb _builder_version=\u00a0\u00bb4.14.4&Prime; _module_preset=\u00a0\u00bbdefault\u00a0\u00bb global_colors_info=\u00a0\u00bb{}\u00a0\u00bb]<\/p>\n<p>\u201d Je tiens \u00e0 remercier Nathalie pour son accompagnement et ses conseils. Elle a su mettre le\u00a0doigt sur des choses que je ne voyais plus, tant j\u2019\u00e9tais le nez dans mes affaires, m\u2019aider \u00e0\u00a0d\u00e9bloquer des gros blocages et me donner des id\u00e9es pour \u00e9voluer. Ses qualit\u00e9s personnelles et\u00a0son s\u00e9rieux sont un atout incontournable pour ma micro entreprise. Je recommande les yeux\u00a0ferm\u00e9s. Merci Nathalie. \u201c<\/p>\n<p>[\/et_pb_testimonial][\/et_pb_column][\/et_pb_row][et_pb_row column_structure=\u00a0\u00bb1_4,1_4,1_4,1_4&Prime; _builder_version=\u00a0\u00bb4.14.4&Prime; _module_preset=\u00a0\u00bbdefault\u00a0\u00bb global_colors_info=\u00a0\u00bb{}\u00a0\u00bb][et_pb_column type=\u00a0\u00bb1_4&Prime; _builder_version=\u00a0\u00bb4.14.4&Prime; _module_preset=\u00a0\u00bbdefault\u00a0\u00bb global_colors_info=\u00a0\u00bb{}\u00a0\u00bb][et_pb_button button_url=\u00a0\u00bbhttp:\/\/nathaliedeweztherapeute.fr\/index.php\/livre-dor\/\u00a0\u00bb button_text=\u00a0\u00bbT\u00e9moignages\u00a0\u00bb button_alignment=\u00a0\u00bbcenter\u00a0\u00bb _builder_version=\u00a0\u00bb4.14.4&Prime; _module_preset=\u00a0\u00bbdefault\u00a0\u00bb custom_button=\u00a0\u00bbon\u00a0\u00bb button_text_color=\u00a0\u00bb#E09900&Prime; global_colors_info=\u00a0\u00bb{}\u00a0\u00bb][\/et_pb_button][\/et_pb_column][et_pb_column type=\u00a0\u00bb1_4&Prime; _builder_version=\u00a0\u00bb4.14.4&Prime; _module_preset=\u00a0\u00bbdefault\u00a0\u00bb global_colors_info=\u00a0\u00bb{}\u00a0\u00bb][et_pb_button button_url=\u00a0\u00bbhttp:\/\/nathaliedeweztherapeute.fr\/index.php\/newsletter-2\/\u00a0\u00bb button_text=\u00a0\u00bbNewsletter\u00a0\u00bb button_alignment=\u00a0\u00bbcenter\u00a0\u00bb _builder_version=\u00a0\u00bb4.14.4&Prime; _module_preset=\u00a0\u00bbdefault\u00a0\u00bb custom_button=\u00a0\u00bbon\u00a0\u00bb button_text_color=\u00a0\u00bb#fc00ac\u00a0\u00bb global_colors_info=\u00a0\u00bb{}\u00a0\u00bb][\/et_pb_button][\/et_pb_column][et_pb_column type=\u00a0\u00bb1_4&Prime; _builder_version=\u00a0\u00bb4.14.4&Prime; _module_preset=\u00a0\u00bbdefault\u00a0\u00bb global_colors_info=\u00a0\u00bb{}\u00a0\u00bb][et_pb_button button_url=\u00a0\u00bbhttp:\/\/nathaliedeweztherapeute.fr\/index.php\/contact\/\u00a0\u00bb button_text=\u00a0\u00bbContactez-moi\u00a0\u00bb button_alignment=\u00a0\u00bbcenter\u00a0\u00bb _builder_version=\u00a0\u00bb4.14.4&Prime; _module_preset=\u00a0\u00bbdefault\u00a0\u00bb custom_button=\u00a0\u00bbon\u00a0\u00bb button_text_color=\u00a0\u00bb#46a7f2&Prime; global_colors_info=\u00a0\u00bb{}\u00a0\u00bb][\/et_pb_button][\/et_pb_column][et_pb_column type=\u00a0\u00bb1_4&Prime; _builder_version=\u00a0\u00bb4.14.4&Prime; _module_preset=\u00a0\u00bbdefault\u00a0\u00bb global_colors_info=\u00a0\u00bb{}\u00a0\u00bb][et_pb_button button_url=\u00a0\u00bbhttps:\/\/calendly.com\/nathalie-dewez\/seance-d-accompagnement\u00a0\u00bb url_new_window=\u00a0\u00bbon\u00a0\u00bb button_text=\u00a0\u00bbPrendre rendez-vous\u00a0\u00bb button_alignment=\u00a0\u00bbcenter\u00a0\u00bb _builder_version=\u00a0\u00bb4.14.4&Prime; _module_preset=\u00a0\u00bbdefault\u00a0\u00bb custom_button=\u00a0\u00bbon\u00a0\u00bb button_text_color=\u00a0\u00bb#E02B20&Prime; global_colors_info=\u00a0\u00bb{}\u00a0\u00bb][\/et_pb_button][\/et_pb_column][\/et_pb_row][\/et_pb_section]<\/p>\n","protected":false},"excerpt":{"rendered":"<p>Cr\u00e9er \u00e0 partir de Soi pour transformer sa vie et son activit\u00e9Pr\u00e9sentationJ&rsquo;accompagne les personnes et les entrepreneurs \u00e0 revenir \u00e0 eux-m\u00eames pour cr\u00e9er une vie, un accompagnement et des offres profond\u00e9ment align\u00e9s avec qui ils sont.mes accompagnementsMa visionTout part de Soi. Mes outils de gestion des traumatismes et d&rsquo;aide aux changements, ma cr\u00e9ativit\u00e9, mon exp\u00e9rience [&hellip;]<\/p>\n","protected":false},"author":1,"featured_media":0,"parent":0,"menu_order":0,"comment_status":"closed","ping_status":"closed","template":"","meta":{"_et_pb_use_builder":"on","_et_pb_old_content":"","_et_gb_content_width":"","footnotes":""},"class_list":["post-7","page","type-page","status-publish","hentry"],"yoast_head":"<!-- This site is optimized with the Yoast SEO plugin v27.3 - https:\/\/yoast.com\/product\/yoast-seo-wordpress\/ -->\n<title>Accueil - Nathalie Dewez - Th\u00e9rapeute<\/title>\n<meta name=\"robots\" content=\"index, follow, max-snippet:-1, max-image-preview:large, max-video-preview:-1\" \/>\n<link rel=\"canonical\" href=\"https:\/\/nathaliedeweztherapeute.fr\/\" \/>\n<meta property=\"og:locale\" content=\"fr_FR\" \/>\n<meta property=\"og:type\" content=\"article\" \/>\n<meta property=\"og:title\" content=\"Accueil - Nathalie Dewez - Th\u00e9rapeute\" \/>\n<meta property=\"og:description\" content=\"Cr\u00e9er \u00e0 partir de Soi pour transformer sa vie et son activit\u00e9Pr\u00e9sentationJ&#039;accompagne les personnes et les entrepreneurs \u00e0 revenir \u00e0 eux-m\u00eames pour cr\u00e9er une vie, un accompagnement et des offres profond\u00e9ment align\u00e9s avec qui ils sont.mes accompagnementsMa visionTout part de Soi. Mes outils de gestion des traumatismes et d&#039;aide aux changements, ma cr\u00e9ativit\u00e9, mon exp\u00e9rience [&hellip;]\" \/>\n<meta property=\"og:url\" content=\"https:\/\/nathaliedeweztherapeute.fr\/\" \/>\n<meta property=\"og:site_name\" content=\"Nathalie Dewez - Th\u00e9rapeute\" \/>\n<meta property=\"article:publisher\" content=\"https:\/\/www.facebook.com\/NathalieDewezTherapeute\" \/>\n<meta property=\"article:modified_time\" content=\"2026-04-02T17:55:40+00:00\" \/>\n<meta name=\"twitter:card\" content=\"summary_large_image\" \/>\n<meta name=\"twitter:label1\" content=\"Dur\u00e9e de lecture estim\u00e9e\" \/>\n\t<meta name=\"twitter:data1\" content=\"8 minutes\" \/>\n<script type=\"application\/ld+json\" class=\"yoast-schema-graph\">{\"@context\":\"https:\\\/\\\/schema.org\",\"@graph\":[{\"@type\":\"WebPage\",\"@id\":\"https:\\\/\\\/nathaliedeweztherapeute.fr\\\/\",\"url\":\"https:\\\/\\\/nathaliedeweztherapeute.fr\\\/\",\"name\":\"Accueil - Nathalie Dewez - Th\u00e9rapeute\",\"isPartOf\":{\"@id\":\"https:\\\/\\\/nathaliedeweztherapeute.fr\\\/#website\"},\"datePublished\":\"2023-05-03T21:21:15+00:00\",\"dateModified\":\"2026-04-02T17:55:40+00:00\",\"breadcrumb\":{\"@id\":\"https:\\\/\\\/nathaliedeweztherapeute.fr\\\/#breadcrumb\"},\"inLanguage\":\"fr-FR\",\"potentialAction\":[{\"@type\":\"ReadAction\",\"target\":[\"https:\\\/\\\/nathaliedeweztherapeute.fr\\\/\"]}]},{\"@type\":\"BreadcrumbList\",\"@id\":\"https:\\\/\\\/nathaliedeweztherapeute.fr\\\/#breadcrumb\",\"itemListElement\":[{\"@type\":\"ListItem\",\"position\":1,\"name\":\"Accueil\",\"item\":\"https:\\\/\\\/nathaliedeweztherapeute.fr\\\/\"},{\"@type\":\"ListItem\",\"position\":2,\"name\":\"Accueil\"}]},{\"@type\":\"WebSite\",\"@id\":\"https:\\\/\\\/nathaliedeweztherapeute.fr\\\/#website\",\"url\":\"https:\\\/\\\/nathaliedeweztherapeute.fr\\\/\",\"name\":\"Nathalie Dewez - Th\u00e9rapeute\",\"description\":\"Je choisis de prendre mon bien-\u00eatre en urgence au lieu de prendre mon mal-\u00eatre en patience\",\"publisher\":{\"@id\":\"https:\\\/\\\/nathaliedeweztherapeute.fr\\\/#organization\"},\"potentialAction\":[{\"@type\":\"SearchAction\",\"target\":{\"@type\":\"EntryPoint\",\"urlTemplate\":\"https:\\\/\\\/nathaliedeweztherapeute.fr\\\/?s={search_term_string}\"},\"query-input\":{\"@type\":\"PropertyValueSpecification\",\"valueRequired\":true,\"valueName\":\"search_term_string\"}}],\"inLanguage\":\"fr-FR\"},{\"@type\":\"Organization\",\"@id\":\"https:\\\/\\\/nathaliedeweztherapeute.fr\\\/#organization\",\"name\":\"Nathalie Dewez - Th\u00e9rapeute\",\"url\":\"https:\\\/\\\/nathaliedeweztherapeute.fr\\\/\",\"logo\":{\"@type\":\"ImageObject\",\"inLanguage\":\"fr-FR\",\"@id\":\"https:\\\/\\\/nathaliedeweztherapeute.fr\\\/#\\\/schema\\\/logo\\\/image\\\/\",\"url\":\"http:\\\/\\\/nathaliedeweztherapeute.fr\\\/wp-content\\\/uploads\\\/2023\\\/05\\\/LOGO-TEST-1.png\",\"contentUrl\":\"http:\\\/\\\/nathaliedeweztherapeute.fr\\\/wp-content\\\/uploads\\\/2023\\\/05\\\/LOGO-TEST-1.png\",\"width\":2000,\"height\":2000,\"caption\":\"Nathalie Dewez - Th\u00e9rapeute\"},\"image\":{\"@id\":\"https:\\\/\\\/nathaliedeweztherapeute.fr\\\/#\\\/schema\\\/logo\\\/image\\\/\"},\"sameAs\":[\"https:\\\/\\\/www.facebook.com\\\/NathalieDewezTherapeute\",\"https:\\\/\\\/www.linkedin.com\\\/in\\\/nathaliedeweztherapeute\\\/\"]}]}<\/script>\n<!-- \/ Yoast SEO plugin. -->","yoast_head_json":{"title":"Accueil - Nathalie Dewez - Th\u00e9rapeute","robots":{"index":"index","follow":"follow","max-snippet":"max-snippet:-1","max-image-preview":"max-image-preview:large","max-video-preview":"max-video-preview:-1"},"canonical":"https:\/\/nathaliedeweztherapeute.fr\/","og_locale":"fr_FR","og_type":"article","og_title":"Accueil - Nathalie Dewez - Th\u00e9rapeute","og_description":"Cr\u00e9er \u00e0 partir de Soi pour transformer sa vie et son activit\u00e9Pr\u00e9sentationJ'accompagne les personnes et les entrepreneurs \u00e0 revenir \u00e0 eux-m\u00eames pour cr\u00e9er une vie, un accompagnement et des offres profond\u00e9ment align\u00e9s avec qui ils sont.mes accompagnementsMa visionTout part de Soi. Mes outils de gestion des traumatismes et d'aide aux changements, ma cr\u00e9ativit\u00e9, mon exp\u00e9rience [&hellip;]","og_url":"https:\/\/nathaliedeweztherapeute.fr\/","og_site_name":"Nathalie Dewez - Th\u00e9rapeute","article_publisher":"https:\/\/www.facebook.com\/NathalieDewezTherapeute","article_modified_time":"2026-04-02T17:55:40+00:00","twitter_card":"summary_large_image","twitter_misc":{"Dur\u00e9e de lecture estim\u00e9e":"8 minutes"},"schema":{"@context":"https:\/\/schema.org","@graph":[{"@type":"WebPage","@id":"https:\/\/nathaliedeweztherapeute.fr\/","url":"https:\/\/nathaliedeweztherapeute.fr\/","name":"Accueil - Nathalie Dewez - Th\u00e9rapeute","isPartOf":{"@id":"https:\/\/nathaliedeweztherapeute.fr\/#website"},"datePublished":"2023-05-03T21:21:15+00:00","dateModified":"2026-04-02T17:55:40+00:00","breadcrumb":{"@id":"https:\/\/nathaliedeweztherapeute.fr\/#breadcrumb"},"inLanguage":"fr-FR","potentialAction":[{"@type":"ReadAction","target":["https:\/\/nathaliedeweztherapeute.fr\/"]}]},{"@type":"BreadcrumbList","@id":"https:\/\/nathaliedeweztherapeute.fr\/#breadcrumb","itemListElement":[{"@type":"ListItem","position":1,"name":"Accueil","item":"https:\/\/nathaliedeweztherapeute.fr\/"},{"@type":"ListItem","position":2,"name":"Accueil"}]},{"@type":"WebSite","@id":"https:\/\/nathaliedeweztherapeute.fr\/#website","url":"https:\/\/nathaliedeweztherapeute.fr\/","name":"Nathalie Dewez - Th\u00e9rapeute","description":"Je choisis de prendre mon bien-\u00eatre en urgence au lieu de prendre mon mal-\u00eatre en patience","publisher":{"@id":"https:\/\/nathaliedeweztherapeute.fr\/#organization"},"potentialAction":[{"@type":"SearchAction","target":{"@type":"EntryPoint","urlTemplate":"https:\/\/nathaliedeweztherapeute.fr\/?s={search_term_string}"},"query-input":{"@type":"PropertyValueSpecification","valueRequired":true,"valueName":"search_term_string"}}],"inLanguage":"fr-FR"},{"@type":"Organization","@id":"https:\/\/nathaliedeweztherapeute.fr\/#organization","name":"Nathalie Dewez - Th\u00e9rapeute","url":"https:\/\/nathaliedeweztherapeute.fr\/","logo":{"@type":"ImageObject","inLanguage":"fr-FR","@id":"https:\/\/nathaliedeweztherapeute.fr\/#\/schema\/logo\/image\/","url":"http:\/\/nathaliedeweztherapeute.fr\/wp-content\/uploads\/2023\/05\/LOGO-TEST-1.png","contentUrl":"http:\/\/nathaliedeweztherapeute.fr\/wp-content\/uploads\/2023\/05\/LOGO-TEST-1.png","width":2000,"height":2000,"caption":"Nathalie Dewez - Th\u00e9rapeute"},"image":{"@id":"https:\/\/nathaliedeweztherapeute.fr\/#\/schema\/logo\/image\/"},"sameAs":["https:\/\/www.facebook.com\/NathalieDewezTherapeute","https:\/\/www.linkedin.com\/in\/nathaliedeweztherapeute\/"]}]}},"_links":{"self":[{"href":"https:\/\/nathaliedeweztherapeute.fr\/index.php\/wp-json\/wp\/v2\/pages\/7","targetHints":{"allow":["GET"]}}],"collection":[{"href":"https:\/\/nathaliedeweztherapeute.fr\/index.php\/wp-json\/wp\/v2\/pages"}],"about":[{"href":"https:\/\/nathaliedeweztherapeute.fr\/index.php\/wp-json\/wp\/v2\/types\/page"}],"author":[{"embeddable":true,"href":"https:\/\/nathaliedeweztherapeute.fr\/index.php\/wp-json\/wp\/v2\/users\/1"}],"replies":[{"embeddable":true,"href":"https:\/\/nathaliedeweztherapeute.fr\/index.php\/wp-json\/wp\/v2\/comments?post=7"}],"version-history":[{"count":28,"href":"https:\/\/nathaliedeweztherapeute.fr\/index.php\/wp-json\/wp\/v2\/pages\/7\/revisions"}],"predecessor-version":[{"id":1095,"href":"https:\/\/nathaliedeweztherapeute.fr\/index.php\/wp-json\/wp\/v2\/pages\/7\/revisions\/1095"}],"wp:attachment":[{"href":"https:\/\/nathaliedeweztherapeute.fr\/index.php\/wp-json\/wp\/v2\/media?parent=7"}],"curies":[{"name":"wp","href":"https:\/\/api.w.org\/{rel}","templated":true}]}}