{"id":78,"date":"2023-05-06T00:01:40","date_gmt":"2023-05-05T22:01:40","guid":{"rendered":"http:\/\/nathaliedeweztherapeute.fr\/?page_id=78"},"modified":"2025-06-14T20:16:40","modified_gmt":"2025-06-14T18:16:40","slug":"a-propos","status":"publish","type":"page","link":"https:\/\/nathaliedeweztherapeute.fr\/index.php\/a-propos\/","title":{"rendered":"A PROPOS"},"content":{"rendered":"<p>[et_pb_section fb_built=\u00a0\u00bb1&Prime; _builder_version=\u00a0\u00bb4.14.4&Prime; _module_preset=\u00a0\u00bbdefault\u00a0\u00bb background_image=\u00a0\u00bbhttp:\/\/nathaliedeweztherapeute.fr\/wp-content\/uploads\/2023\/05\/fond-ok-2.png\u00a0\u00bb parallax=\u00a0\u00bbon\u00a0\u00bb global_colors_info=\u00a0\u00bb{}\u00a0\u00bb][et_pb_row column_structure=\u00a0\u00bb1_2,1_2&Prime; _builder_version=\u00a0\u00bb4.14.4&Prime; _module_preset=\u00a0\u00bbdefault\u00a0\u00bb global_colors_info=\u00a0\u00bb{}\u00a0\u00bb][et_pb_column type=\u00a0\u00bb1_2&Prime; _builder_version=\u00a0\u00bb4.14.4&Prime; _module_preset=\u00a0\u00bbdefault\u00a0\u00bb global_colors_info=\u00a0\u00bb{}\u00a0\u00bb][et_pb_image src=\u00a0\u00bbhttp:\/\/nathaliedeweztherapeute.fr\/wp-content\/uploads\/2023\/05\/PIC-A.jpg\u00a0\u00bb title_text=\u00a0\u00bbPIC A\u00a0\u00bb _builder_version=\u00a0\u00bb4.14.4&Prime; _module_preset=\u00a0\u00bbdefault\u00a0\u00bb global_colors_info=\u00a0\u00bb{}\u00a0\u00bb][\/et_pb_image][et_pb_text _builder_version=\u00a0\u00bb4.14.4&Prime; _module_preset=\u00a0\u00bbdefault\u00a0\u00bb global_colors_info=\u00a0\u00bb{}\u00a0\u00bb]<\/p>\n<h3>Mon parcours<\/h3>\n<p>\u00a0Pr\u00e9vue pour un 15 ao\u00fbt, j\u2019en ai fait qu\u2019\u00e0 ma t\u00eate jusqu\u2019\u00e0 ce que l\u2019on vienne me chercher le 19 ao\u00fbt 1986 \u00e0 18h30. L\u2019heure peut sembler anodine mais \u00e7a explique peut-\u00eatre ma pr\u00e9f\u00e9rence pour le soir et l\u2019inspiration qui se profile la nuit.<\/p>\n<p>A 10 ans je conseillais une amie de la famille qui n\u2019arrivait pas \u00e0 mettre son fils sur les toilettes, d\u2019essayer de mettre une chaise sous les pieds du petit afin qu\u2019il soit rassur\u00e9. A 17 ans, j\u2019\u00e9changeais avec la surveillante de l\u2019internat\u00a0 sur ses difficult\u00e9s \u00e0 avoir un enfant.<\/p>\n<p>Bref toute ma vie, je me suis <strong>naturellement tourn\u00e9e vers l\u2019entraide<\/strong> et inconsciemment je cherchais le moyen de m\u2019aider moi-m\u00eame.<\/p>\n<p>Apr\u00e8s 3 ans en fac de psychologie, je me lance dans l\u2019aventure entrepreneuriale dans la cr\u00e9ation de Bougie-d\u00e9co-bijoux en 2010.<\/p>\n<p>Puis je reprends mes \u00e9tudes pendant 3 ans jusqu\u2019\u00e0 une licence management des organisations sp\u00e9cialis\u00e9es en entrepreneuriat, avant de revenir \u00e0 mon compte et d\u2019y rester.<\/p>\n<p>J\u2019enchaine alors formations sur l\u2019entrepreneuriat, les neurosciences, la th\u00e9rapie, l&rsquo;\u00e9nerg\u00e9tique, la spiritualit\u00e9\u2026que je poursuis encore aujourd&rsquo;hui.<\/p>\n<p>[\/et_pb_text][et_pb_divider divider_weight=\u00a0\u00bb2px\u00a0\u00bb _builder_version=\u00a0\u00bb4.14.4&Prime; _module_preset=\u00a0\u00bbdefault\u00a0\u00bb width=\u00a0\u00bb53%\u00a0\u00bb max_width=\u00a0\u00bb80%\u00a0\u00bb module_alignment=\u00a0\u00bbcenter\u00a0\u00bb global_colors_info=\u00a0\u00bb{}\u00a0\u00bb][\/et_pb_divider][et_pb_text _builder_version=\u00a0\u00bb4.14.4&Prime; _module_preset=\u00a0\u00bbdefault\u00a0\u00bb global_colors_info=\u00a0\u00bb{}\u00a0\u00bb]<\/p>\n<h5>Aujourd\u2019hui :<\/h5>\n<p>Je suis pass\u00e9e par les montagnes russes de la nourriture \u00e9motionnelle en tant qu\u2019ancienne ob\u00e8se op\u00e9r\u00e9e, les relations toxiques, la qu\u00eate de l\u00e9gitimit\u00e9, le burn-out\u2026 et aujourd\u2019hui, j\u2019aide les autres \u00e0 se reconstruire, pas \u00e0 pas.<\/p>\n<p>Coach et th\u00e9rapeute sp\u00e9cialis\u00e9e dans les traumatismes relationnels et la violence psychologique, mais aussi entrepreneuse passionn\u00e9e par l\u2019humain sous toutes ses facettes\u00a0; ce site est le reflet de mes multiples casquettes et de mon parcours atypique.<br \/>Tu y trouveras des articles et ressources sur <strong>l\u2019addiction au sucre<\/strong>, la <strong>relation au corps<\/strong>, et la <strong>gestion de la chirurgie bariatrique<\/strong> ;<\/p>\n<p>Ma cha\u00eene Youtube est un espace d\u2019accompagnement pour <strong>les victimes de relations toxiques<\/strong> en qu\u00eate de paix int\u00e9rieure ;<\/p>\n<p>Mon linkedin est un tremplin pour <strong>les entrepreneurs du bien-\u00eatre<\/strong> qui souhaitent prendre leur place, enrichir leur pratique et oser rayonner.<\/p>\n<p>J\u2019ai longtemps cru que je devais choisir un seul chemin. Mais j\u2019ai compris que ce qui m\u2019anime, c\u2019est d\u2019aider chacun \u00e0 <strong>retrouver sa boussole int\u00e9rieure<\/strong>, \u00e0 <strong>se lib\u00e9rer de ses cha\u00eenes invisibles<\/strong>, et \u00e0 <strong>oser \u00e9crire une nouvelle histoire<\/strong>, que ce soit dans son corps, dans sa vie, ou dans son activit\u00e9 professionnelle.<\/p>\n<p>Si tu es ici, ce n\u2019est pas un hasard. Je t\u2019invite \u00e0 explorer, \u00e0 ressentir, \u00e0 choisir ce qui r\u00e9sonne, et pourquoi pas\u2026 \u00e0 commencer un bout de chemin ensemble.<\/p>\n<p>[\/et_pb_text][et_pb_text _builder_version=\u00a0\u00bb4.14.4&Prime; _module_preset=\u00a0\u00bbdefault\u00a0\u00bb global_colors_info=\u00a0\u00bb{}\u00a0\u00bb]<\/p>\n<p>La vie m&rsquo;a offert une vraie prise de conscience que je transmet de mon mieux:<\/p>\n<h6><\/h6>\n<h6 style=\"text-align: center;\"><span style=\"color: #ff9900;\"><strong>Peu importe ce qu&rsquo;il se passe, peu importe mon \u00e9tat actuel et peu importe le temps que cela prendra, JE ME REL\u00c8VE TOUJOURS<\/strong><\/span><\/h6>\n<p>[\/et_pb_text][\/et_pb_column][et_pb_column type=\u00a0\u00bb1_2&Prime; _builder_version=\u00a0\u00bb4.14.4&Prime; _module_preset=\u00a0\u00bbdefault\u00a0\u00bb global_colors_info=\u00a0\u00bb{}\u00a0\u00bb][et_pb_text _builder_version=\u00a0\u00bb4.14.4&Prime; _module_preset=\u00a0\u00bbdefault\u00a0\u00bb global_colors_info=\u00a0\u00bb{}\u00a0\u00bb]<\/p>\n<h3>L\u2019envie d\u2019entreprendre<\/h3>\n<p>&nbsp;<\/p>\n<p>Derni\u00e8rement, une personne m\u2019a demand\u00e9 ce qui m\u2019avait donn\u00e9 d\u2019entreprendre. Il y a encore quelques mois, j\u2019aurai donn\u00e9 une liste de bonnes raisons. Des \u00e9l\u00e9ments qui se sont accumul\u00e9s au fil des ann\u00e9es.<\/p>\n<p>Mais aujourd\u2019hui m\u2019a r\u00e9ponse est tout autre.<\/p>\n<p>Les raisons que j\u2019aurai list\u00e9 auraient \u00e9t\u00e9 l\u00e9gitimes mais uniquement bas\u00e9es sur un raisonnement logique, sur ce dont j\u2019ai conscience.<\/p>\n<p>En fait, je devais passer par l\u00e0 afin de vivre ce que j\u2019avais \u00e0 vivre et me rencontrer.<\/p>\n<p>D\u00e9sormais je sais que ma volont\u00e9 profonde est de contribuer.<\/p>\n<p>Il n\u2019y a pas de bonnes ou de mauvaises fa\u00e7ons de la faire. Je vais donc mettre \u00e0 profit tout ce qui m\u2019anime, me parle, me fais vibrer afin d\u2019apporter et d\u2019accompagner les personnes qui en \u00e9prouveront l\u2019envie, se sentiront pr\u00eate.<\/p>\n<p>Que cela passe par mon activit\u00e9 professionnelle, l\u2019association S\u2019accueillir Soi-m\u2019aime ou toutes les opportunit\u00e9s que la vie mettra sur mon chemin.<\/p>\n<p>&nbsp;<\/p>\n<p>[\/et_pb_text][et_pb_divider divider_weight=\u00a0\u00bb2px\u00a0\u00bb _builder_version=\u00a0\u00bb4.14.4&Prime; _module_preset=\u00a0\u00bbdefault\u00a0\u00bb width=\u00a0\u00bb53%\u00a0\u00bb max_width=\u00a0\u00bb80%\u00a0\u00bb module_alignment=\u00a0\u00bbcenter\u00a0\u00bb global_colors_info=\u00a0\u00bb{}\u00a0\u00bb][\/et_pb_divider][et_pb_image src=\u00a0\u00bbhttp:\/\/nathaliedeweztherapeute.fr\/wp-content\/uploads\/2023\/05\/IMG-20211006-WA0001.jpg\u00a0\u00bb title_text=\u00a0\u00bbIMG-20211006-WA0001&Prime; _builder_version=\u00a0\u00bb4.14.4&Prime; _module_preset=\u00a0\u00bbdefault\u00a0\u00bb global_colors_info=\u00a0\u00bb{}\u00a0\u00bb][\/et_pb_image][\/et_pb_column][\/et_pb_row][\/et_pb_section]<\/p>\n","protected":false},"excerpt":{"rendered":"<p>Mon parcours \u00a0Pr\u00e9vue pour un 15 ao\u00fbt, j\u2019en ai fait qu\u2019\u00e0 ma t\u00eate jusqu\u2019\u00e0 ce que l\u2019on vienne me chercher le 19 ao\u00fbt 1986 \u00e0 18h30. L\u2019heure peut sembler anodine mais \u00e7a explique peut-\u00eatre ma pr\u00e9f\u00e9rence pour le soir et l\u2019inspiration qui se profile la nuit. A 10 ans je conseillais une amie de la [&hellip;]<\/p>\n","protected":false},"author":1,"featured_media":0,"parent":0,"menu_order":0,"comment_status":"closed","ping_status":"closed","template":"","meta":{"_et_pb_use_builder":"on","_et_pb_old_content":"","_et_gb_content_width":"","footnotes":""},"class_list":["post-78","page","type-page","status-publish","hentry"],"yoast_head":"<!-- This site is optimized with the Yoast SEO plugin v27.3 - https:\/\/yoast.com\/product\/yoast-seo-wordpress\/ -->\n<title>A PROPOS - Nathalie Dewez - Th\u00e9rapeute<\/title>\n<meta name=\"robots\" content=\"index, follow, max-snippet:-1, max-image-preview:large, max-video-preview:-1\" \/>\n<link rel=\"canonical\" href=\"https:\/\/nathaliedeweztherapeute.fr\/index.php\/a-propos\/\" \/>\n<meta property=\"og:locale\" content=\"fr_FR\" \/>\n<meta property=\"og:type\" content=\"article\" \/>\n<meta property=\"og:title\" content=\"A PROPOS - Nathalie Dewez - Th\u00e9rapeute\" \/>\n<meta property=\"og:description\" content=\"Mon parcours \u00a0Pr\u00e9vue pour un 15 ao\u00fbt, j\u2019en ai fait qu\u2019\u00e0 ma t\u00eate jusqu\u2019\u00e0 ce que l\u2019on vienne me chercher le 19 ao\u00fbt 1986 \u00e0 18h30. L\u2019heure peut sembler anodine mais \u00e7a explique peut-\u00eatre ma pr\u00e9f\u00e9rence pour le soir et l\u2019inspiration qui se profile la nuit. A 10 ans je conseillais une amie de la [&hellip;]\" \/>\n<meta property=\"og:url\" content=\"https:\/\/nathaliedeweztherapeute.fr\/index.php\/a-propos\/\" \/>\n<meta property=\"og:site_name\" content=\"Nathalie Dewez - Th\u00e9rapeute\" \/>\n<meta property=\"article:publisher\" content=\"https:\/\/www.facebook.com\/NathalieDewezTherapeute\" \/>\n<meta property=\"article:modified_time\" content=\"2025-06-14T18:16:40+00:00\" \/>\n<meta name=\"twitter:card\" content=\"summary_large_image\" \/>\n<meta name=\"twitter:label1\" content=\"Dur\u00e9e de lecture estim\u00e9e\" \/>\n\t<meta name=\"twitter:data1\" content=\"4 minutes\" \/>\n<script type=\"application\/ld+json\" class=\"yoast-schema-graph\">{\"@context\":\"https:\\\/\\\/schema.org\",\"@graph\":[{\"@type\":\"WebPage\",\"@id\":\"https:\\\/\\\/nathaliedeweztherapeute.fr\\\/index.php\\\/a-propos\\\/\",\"url\":\"https:\\\/\\\/nathaliedeweztherapeute.fr\\\/index.php\\\/a-propos\\\/\",\"name\":\"A PROPOS - Nathalie Dewez - Th\u00e9rapeute\",\"isPartOf\":{\"@id\":\"https:\\\/\\\/nathaliedeweztherapeute.fr\\\/#website\"},\"datePublished\":\"2023-05-05T22:01:40+00:00\",\"dateModified\":\"2025-06-14T18:16:40+00:00\",\"breadcrumb\":{\"@id\":\"https:\\\/\\\/nathaliedeweztherapeute.fr\\\/index.php\\\/a-propos\\\/#breadcrumb\"},\"inLanguage\":\"fr-FR\",\"potentialAction\":[{\"@type\":\"ReadAction\",\"target\":[\"https:\\\/\\\/nathaliedeweztherapeute.fr\\\/index.php\\\/a-propos\\\/\"]}]},{\"@type\":\"BreadcrumbList\",\"@id\":\"https:\\\/\\\/nathaliedeweztherapeute.fr\\\/index.php\\\/a-propos\\\/#breadcrumb\",\"itemListElement\":[{\"@type\":\"ListItem\",\"position\":1,\"name\":\"Accueil\",\"item\":\"https:\\\/\\\/nathaliedeweztherapeute.fr\\\/\"},{\"@type\":\"ListItem\",\"position\":2,\"name\":\"A PROPOS\"}]},{\"@type\":\"WebSite\",\"@id\":\"https:\\\/\\\/nathaliedeweztherapeute.fr\\\/#website\",\"url\":\"https:\\\/\\\/nathaliedeweztherapeute.fr\\\/\",\"name\":\"Nathalie Dewez - Th\u00e9rapeute\",\"description\":\"Je choisis de prendre mon bien-\u00eatre en urgence au lieu de prendre mon mal-\u00eatre en patience\",\"publisher\":{\"@id\":\"https:\\\/\\\/nathaliedeweztherapeute.fr\\\/#organization\"},\"potentialAction\":[{\"@type\":\"SearchAction\",\"target\":{\"@type\":\"EntryPoint\",\"urlTemplate\":\"https:\\\/\\\/nathaliedeweztherapeute.fr\\\/?s={search_term_string}\"},\"query-input\":{\"@type\":\"PropertyValueSpecification\",\"valueRequired\":true,\"valueName\":\"search_term_string\"}}],\"inLanguage\":\"fr-FR\"},{\"@type\":\"Organization\",\"@id\":\"https:\\\/\\\/nathaliedeweztherapeute.fr\\\/#organization\",\"name\":\"Nathalie Dewez - Th\u00e9rapeute\",\"url\":\"https:\\\/\\\/nathaliedeweztherapeute.fr\\\/\",\"logo\":{\"@type\":\"ImageObject\",\"inLanguage\":\"fr-FR\",\"@id\":\"https:\\\/\\\/nathaliedeweztherapeute.fr\\\/#\\\/schema\\\/logo\\\/image\\\/\",\"url\":\"http:\\\/\\\/nathaliedeweztherapeute.fr\\\/wp-content\\\/uploads\\\/2023\\\/05\\\/LOGO-TEST-1.png\",\"contentUrl\":\"http:\\\/\\\/nathaliedeweztherapeute.fr\\\/wp-content\\\/uploads\\\/2023\\\/05\\\/LOGO-TEST-1.png\",\"width\":2000,\"height\":2000,\"caption\":\"Nathalie Dewez - Th\u00e9rapeute\"},\"image\":{\"@id\":\"https:\\\/\\\/nathaliedeweztherapeute.fr\\\/#\\\/schema\\\/logo\\\/image\\\/\"},\"sameAs\":[\"https:\\\/\\\/www.facebook.com\\\/NathalieDewezTherapeute\",\"https:\\\/\\\/www.linkedin.com\\\/in\\\/nathaliedeweztherapeute\\\/\"]}]}<\/script>\n<!-- \/ Yoast SEO plugin. -->","yoast_head_json":{"title":"A PROPOS - Nathalie Dewez - Th\u00e9rapeute","robots":{"index":"index","follow":"follow","max-snippet":"max-snippet:-1","max-image-preview":"max-image-preview:large","max-video-preview":"max-video-preview:-1"},"canonical":"https:\/\/nathaliedeweztherapeute.fr\/index.php\/a-propos\/","og_locale":"fr_FR","og_type":"article","og_title":"A PROPOS - Nathalie Dewez - Th\u00e9rapeute","og_description":"Mon parcours \u00a0Pr\u00e9vue pour un 15 ao\u00fbt, j\u2019en ai fait qu\u2019\u00e0 ma t\u00eate jusqu\u2019\u00e0 ce que l\u2019on vienne me chercher le 19 ao\u00fbt 1986 \u00e0 18h30. L\u2019heure peut sembler anodine mais \u00e7a explique peut-\u00eatre ma pr\u00e9f\u00e9rence pour le soir et l\u2019inspiration qui se profile la nuit. A 10 ans je conseillais une amie de la [&hellip;]","og_url":"https:\/\/nathaliedeweztherapeute.fr\/index.php\/a-propos\/","og_site_name":"Nathalie Dewez - Th\u00e9rapeute","article_publisher":"https:\/\/www.facebook.com\/NathalieDewezTherapeute","article_modified_time":"2025-06-14T18:16:40+00:00","twitter_card":"summary_large_image","twitter_misc":{"Dur\u00e9e de lecture estim\u00e9e":"4 minutes"},"schema":{"@context":"https:\/\/schema.org","@graph":[{"@type":"WebPage","@id":"https:\/\/nathaliedeweztherapeute.fr\/index.php\/a-propos\/","url":"https:\/\/nathaliedeweztherapeute.fr\/index.php\/a-propos\/","name":"A PROPOS - Nathalie Dewez - Th\u00e9rapeute","isPartOf":{"@id":"https:\/\/nathaliedeweztherapeute.fr\/#website"},"datePublished":"2023-05-05T22:01:40+00:00","dateModified":"2025-06-14T18:16:40+00:00","breadcrumb":{"@id":"https:\/\/nathaliedeweztherapeute.fr\/index.php\/a-propos\/#breadcrumb"},"inLanguage":"fr-FR","potentialAction":[{"@type":"ReadAction","target":["https:\/\/nathaliedeweztherapeute.fr\/index.php\/a-propos\/"]}]},{"@type":"BreadcrumbList","@id":"https:\/\/nathaliedeweztherapeute.fr\/index.php\/a-propos\/#breadcrumb","itemListElement":[{"@type":"ListItem","position":1,"name":"Accueil","item":"https:\/\/nathaliedeweztherapeute.fr\/"},{"@type":"ListItem","position":2,"name":"A PROPOS"}]},{"@type":"WebSite","@id":"https:\/\/nathaliedeweztherapeute.fr\/#website","url":"https:\/\/nathaliedeweztherapeute.fr\/","name":"Nathalie Dewez - Th\u00e9rapeute","description":"Je choisis de prendre mon bien-\u00eatre en urgence au lieu de prendre mon mal-\u00eatre en patience","publisher":{"@id":"https:\/\/nathaliedeweztherapeute.fr\/#organization"},"potentialAction":[{"@type":"SearchAction","target":{"@type":"EntryPoint","urlTemplate":"https:\/\/nathaliedeweztherapeute.fr\/?s={search_term_string}"},"query-input":{"@type":"PropertyValueSpecification","valueRequired":true,"valueName":"search_term_string"}}],"inLanguage":"fr-FR"},{"@type":"Organization","@id":"https:\/\/nathaliedeweztherapeute.fr\/#organization","name":"Nathalie Dewez - Th\u00e9rapeute","url":"https:\/\/nathaliedeweztherapeute.fr\/","logo":{"@type":"ImageObject","inLanguage":"fr-FR","@id":"https:\/\/nathaliedeweztherapeute.fr\/#\/schema\/logo\/image\/","url":"http:\/\/nathaliedeweztherapeute.fr\/wp-content\/uploads\/2023\/05\/LOGO-TEST-1.png","contentUrl":"http:\/\/nathaliedeweztherapeute.fr\/wp-content\/uploads\/2023\/05\/LOGO-TEST-1.png","width":2000,"height":2000,"caption":"Nathalie Dewez - Th\u00e9rapeute"},"image":{"@id":"https:\/\/nathaliedeweztherapeute.fr\/#\/schema\/logo\/image\/"},"sameAs":["https:\/\/www.facebook.com\/NathalieDewezTherapeute","https:\/\/www.linkedin.com\/in\/nathaliedeweztherapeute\/"]}]}},"_links":{"self":[{"href":"https:\/\/nathaliedeweztherapeute.fr\/index.php\/wp-json\/wp\/v2\/pages\/78","targetHints":{"allow":["GET"]}}],"collection":[{"href":"https:\/\/nathaliedeweztherapeute.fr\/index.php\/wp-json\/wp\/v2\/pages"}],"about":[{"href":"https:\/\/nathaliedeweztherapeute.fr\/index.php\/wp-json\/wp\/v2\/types\/page"}],"author":[{"embeddable":true,"href":"https:\/\/nathaliedeweztherapeute.fr\/index.php\/wp-json\/wp\/v2\/users\/1"}],"replies":[{"embeddable":true,"href":"https:\/\/nathaliedeweztherapeute.fr\/index.php\/wp-json\/wp\/v2\/comments?post=78"}],"version-history":[{"count":7,"href":"https:\/\/nathaliedeweztherapeute.fr\/index.php\/wp-json\/wp\/v2\/pages\/78\/revisions"}],"predecessor-version":[{"id":997,"href":"https:\/\/nathaliedeweztherapeute.fr\/index.php\/wp-json\/wp\/v2\/pages\/78\/revisions\/997"}],"wp:attachment":[{"href":"https:\/\/nathaliedeweztherapeute.fr\/index.php\/wp-json\/wp\/v2\/media?parent=78"}],"curies":[{"name":"wp","href":"https:\/\/api.w.org\/{rel}","templated":true}]}}